{"id":1778,"date":"2015-10-17T21:16:11","date_gmt":"2015-10-17T19:16:11","guid":{"rendered":"http:\/\/ms-frauenfeld.ac.at\/wordpress\/?page_id=1778"},"modified":"2020-07-11T11:31:25","modified_gmt":"2020-07-11T09:31:25","slug":"bewegtes-lernen","status":"publish","type":"page","link":"https:\/\/ms-frauenfeld.ac.at\/wordpress\/bewegtes-lernen\/","title":{"rendered":"Bewegtes Lernen"},"content":{"rendered":"<p><strong><a href=\"https:\/\/www.bewegteschule.at\/\" target=\"_blank\" rel=\"noopener noreferrer\"><img decoding=\"async\" loading=\"lazy\" class=\"alignleft wp-image-89571 size-thumbnail\" src=\"http:\/\/ms-frauenfeld.ac.at\/wordpress\/wp-content\/uploads\/2017\/03\/Logo_BewegteSchule3-150x150.jpg\" alt=\"\" width=\"150\" height=\"150\" srcset=\"https:\/\/ms-frauenfeld.ac.at\/wordpress\/wp-content\/uploads\/2017\/03\/Logo_BewegteSchule3-150x150.jpg 150w, https:\/\/ms-frauenfeld.ac.at\/wordpress\/wp-content\/uploads\/2017\/03\/Logo_BewegteSchule3-300x300.jpg 300w\" sizes=\"(max-width: 150px) 100vw, 150px\" \/><\/a>Warum m\u00fcssen Sch\u00fclerinnen und Sch\u00fcler im Unterricht immer still sitzen?<\/strong><\/p>\n<p>Bewegtes Lernen bedeutet den Unterricht so zu gestalten, dass die Kinder die <a href=\"http:\/\/ms-frauenfeld.ac.at\/wordpress\/wp-content\/uploads\/2015\/10\/bewegteslernen.jpg\"><img decoding=\"async\" loading=\"lazy\" class=\"alignright wp-image-1779 size-medium\" src=\"http:\/\/ms-frauenfeld.ac.at\/wordpress\/wp-content\/uploads\/2015\/10\/bewegteslernen-300x262.jpg\" alt=\"bewegteslernen\" width=\"300\" height=\"262\" srcset=\"https:\/\/ms-frauenfeld.ac.at\/wordpress\/wp-content\/uploads\/2015\/10\/bewegteslernen-300x262.jpg 300w, https:\/\/ms-frauenfeld.ac.at\/wordpress\/wp-content\/uploads\/2015\/10\/bewegteslernen-500x437.jpg 500w, https:\/\/ms-frauenfeld.ac.at\/wordpress\/wp-content\/uploads\/2015\/10\/bewegteslernen.jpg 529w\" sizes=\"(max-width: 300px) 100vw, 300px\" \/><\/a>Lerninhalte durch Erleben, Denken und Handeln erfahren und Zusammenh\u00e4nge erkennen k\u00f6nnen.<\/p>\n<p>Erfahrungen mit dem eigenen K\u00f6rper sind wichtige Grundlagen f\u00fcr das Erlernen von Schreiben, Lesen, Rechnen und sozialen Kompetenzen. Im Fachunterricht kann Bewegung eine didaktische Hilfe beim Verstehen von Sachinhalten sein.<\/p>\n<p>Bewegtes Lernen bedeutet eine Umgestaltung des Schulalltages in allen Bereichen. Das Lernen in und mit Bewegung ist in vielen Bereichen umsetzbar, motiviert Kinder und steigert die Lernbereitschaft. Es schafft ein inhaltlich und zeitlich ausgewogenes Miteinander von Spiel und Arbeit, Anstrengung und Entspannung.<\/p>\n<p>Wem n\u00fctzt Bewegtes Lernen?<\/p>\n<p>Bewegtes Lernen f\u00f6rdert nachhaltig das Gesundheits- und Ern\u00e4hrungsbewusstsein der Kinder. Es erh\u00f6ht ihre Merk- und Konzentrationsf\u00e4higkeit und beugt z.B. Haltungssch\u00e4den vor. Aber auch Eltern erfahren mehr Ausgeglichenheit ihrer Kinder.<\/p>\n<p>Im Unterricht der 2c flie\u00dft Bewegtes Lernen in vielen Unterrichtsgegenst\u00e4nden ein. Au\u00dfer im Unterrichtsfach Gesundheitstraining wird auch in Engl<a href=\"https:\/\/www.bewegteschule.at\/\" target=\"_blank\" rel=\"noopener noreferrer\"><img decoding=\"async\" loading=\"lazy\" class=\"alignleft wp-image-89571 size-thumbnail\" src=\"http:\/\/ms-frauenfeld.ac.at\/wordpress\/wp-content\/uploads\/2017\/03\/Logo_BewegteSchule3-150x150.jpg\" alt=\"\" width=\"150\" height=\"150\" srcset=\"https:\/\/ms-frauenfeld.ac.at\/wordpress\/wp-content\/uploads\/2017\/03\/Logo_BewegteSchule3-150x150.jpg 150w, https:\/\/ms-frauenfeld.ac.at\/wordpress\/wp-content\/uploads\/2017\/03\/Logo_BewegteSchule3-300x300.jpg 300w\" sizes=\"(max-width: 150px) 100vw, 150px\" \/><\/a>isch, Geografie, Geschichte oder Bildnerischer Erziehung mit Bewegung gelernt.<br \/>\n<a href=\"https:\/\/www.bewegteschule.at\/\" target=\"_blank\" rel=\"noopener noreferrer\">https:\/\/www.bewegteschule.at\/<\/a><\/p>\n<p>&#8212;&#8212;&#8212;&#8212;&#8212;&#8212;&#8212;&#8212;&#8212;&#8212;&#8212;&#8212;&#8212;&#8212;&#8212;&#8212;&#8212;&#8212;&#8212;&#8212;&#8212;&#8212;&#8212;&#8212;&#8212;&#8212;&#8212;&#8212;&#8212;&#8212;&#8212;&#8212;&#8212;&#8212;&#8212;&#8212;&#8212;&#8212;&#8212;&#8212;&#8212;&#8212;&#8212;&#8212;&#8212;&#8211;<\/p>\n<p>&nbsp;<\/p>\n","protected":false},"excerpt":{"rendered":"<p>Warum m\u00fcssen Sch\u00fclerinnen und Sch\u00fcler im Unterricht immer still sitzen? Bewegtes Lernen bedeutet den Unterricht so zu gestalten, dass die Kinder die Lerninhalte durch Erleben, Denken und Handeln erfahren und\u2026<\/p>\n<p class=\"continue-reading-button\"> <a class=\"continue-reading-link\" href=\"https:\/\/ms-frauenfeld.ac.at\/wordpress\/bewegtes-lernen\/\">Lesen Sie mehr&#8230;<i class=\"crycon-right-dir\"><\/i><\/a><\/p>\n","protected":false},"author":2,"featured_media":0,"parent":0,"menu_order":0,"comment_status":"closed","ping_status":"closed","template":"","meta":{"footnotes":""},"_links":{"self":[{"href":"https:\/\/ms-frauenfeld.ac.at\/wordpress\/wp-json\/wp\/v2\/pages\/1778"}],"collection":[{"href":"https:\/\/ms-frauenfeld.ac.at\/wordpress\/wp-json\/wp\/v2\/pages"}],"about":[{"href":"https:\/\/ms-frauenfeld.ac.at\/wordpress\/wp-json\/wp\/v2\/types\/page"}],"author":[{"embeddable":true,"href":"https:\/\/ms-frauenfeld.ac.at\/wordpress\/wp-json\/wp\/v2\/users\/2"}],"replies":[{"embeddable":true,"href":"https:\/\/ms-frauenfeld.ac.at\/wordpress\/wp-json\/wp\/v2\/comments?post=1778"}],"version-history":[{"count":0,"href":"https:\/\/ms-frauenfeld.ac.at\/wordpress\/wp-json\/wp\/v2\/pages\/1778\/revisions"}],"wp:attachment":[{"href":"https:\/\/ms-frauenfeld.ac.at\/wordpress\/wp-json\/wp\/v2\/media?parent=1778"}],"curies":[{"name":"wp","href":"https:\/\/api.w.org\/{rel}","templated":true}]}}