{"id":1840,"date":"2015-10-26T16:31:55","date_gmt":"2015-10-26T15:31:55","guid":{"rendered":"http:\/\/ms-frauenfeld.ac.at\/wordpress\/?page_id=1840"},"modified":"2015-10-26T16:31:55","modified_gmt":"2015-10-26T15:31:55","slug":"elternverein","status":"publish","type":"page","link":"https:\/\/ms-frauenfeld.ac.at\/wordpress\/elternverein\/","title":{"rendered":"Elternverein"},"content":{"rendered":"<h3><strong><span lang=\"DE-AT\">Was ist der Elternverein?<\/span><\/strong><\/h3>\n<p><span lang=\"DE-AT\">Der Elternverein ist ein freiwilliger Zusammenschluss von Erziehungsberechtigten der Kinder einer Schule auf Basis eines Vereines laut Vereinsgesetz. Er ist somit die Interessensvertretung der Eltern unserer Schule. <\/span><\/p>\n<h3><strong><span lang=\"DE-AT\">Warum Elternverein? <\/span><\/strong><\/h3>\n<p><span lang=\"DE-AT\">Wir bem\u00fchen uns um echte Schulpartnerschaft und sind an einer Mitwirkung und Mitgestaltung der Schule interessiert. Wir versuchen die berechtigten Interessen von Sch\u00fclern, Lehrern und Eltern zu ber\u00fccksichtigen und somit zu einem angenehmen Schul- und Lernklima beizutragen. <\/span><\/p>\n<p><span lang=\"DE-AT\">Durch \u00fcbergeordnete Verb\u00e4nde (Landesverband, Dachverband) ist eine Koordinierung der Elterninteressen von ganz \u00d6sterreich m\u00f6glich.<\/span><\/p>\n<p><span lang=\"DE-AT\">Durch den Elternverein haben auch Sie die M\u00f6glichkeit Ihre pers\u00f6nlichen Vorschl\u00e4ge und Ideen einzubringen.<\/span><\/p>\n","protected":false},"excerpt":{"rendered":"<p>Was ist der Elternverein? Der Elternverein ist ein freiwilliger Zusammenschluss von Erziehungsberechtigten der Kinder einer Schule auf Basis eines Vereines laut Vereinsgesetz. Er ist somit die Interessensvertretung der Eltern unserer\u2026<\/p>\n<p class=\"continue-reading-button\"> <a class=\"continue-reading-link\" href=\"https:\/\/ms-frauenfeld.ac.at\/wordpress\/elternverein\/\">Lesen Sie mehr&#8230;<i class=\"crycon-right-dir\"><\/i><\/a><\/p>\n","protected":false},"author":2,"featured_media":0,"parent":0,"menu_order":0,"comment_status":"closed","ping_status":"closed","template":"","meta":{"footnotes":""},"_links":{"self":[{"href":"https:\/\/ms-frauenfeld.ac.at\/wordpress\/wp-json\/wp\/v2\/pages\/1840"}],"collection":[{"href":"https:\/\/ms-frauenfeld.ac.at\/wordpress\/wp-json\/wp\/v2\/pages"}],"about":[{"href":"https:\/\/ms-frauenfeld.ac.at\/wordpress\/wp-json\/wp\/v2\/types\/page"}],"author":[{"embeddable":true,"href":"https:\/\/ms-frauenfeld.ac.at\/wordpress\/wp-json\/wp\/v2\/users\/2"}],"replies":[{"embeddable":true,"href":"https:\/\/ms-frauenfeld.ac.at\/wordpress\/wp-json\/wp\/v2\/comments?post=1840"}],"version-history":[{"count":0,"href":"https:\/\/ms-frauenfeld.ac.at\/wordpress\/wp-json\/wp\/v2\/pages\/1840\/revisions"}],"wp:attachment":[{"href":"https:\/\/ms-frauenfeld.ac.at\/wordpress\/wp-json\/wp\/v2\/media?parent=1840"}],"curies":[{"name":"wp","href":"https:\/\/api.w.org\/{rel}","templated":true}]}}