{"id":1866,"date":"2015-10-26T16:57:04","date_gmt":"2015-10-26T15:57:04","guid":{"rendered":"http:\/\/ms-frauenfeld.ac.at\/wordpress\/?page_id=1866"},"modified":"2015-10-26T17:22:57","modified_gmt":"2015-10-26T16:22:57","slug":"ev-klassenforum","status":"publish","type":"page","link":"https:\/\/ms-frauenfeld.ac.at\/wordpress\/ev-klassenforum\/","title":{"rendered":"Klassenforum"},"content":{"rendered":"<h3>Klassenforum &#8211; \u00a7 63a SchUG<br \/>\n<u><span style=\"font-size: medium;\"><br \/>\nTeilnehmer:<\/span><\/u><\/h3>\n<ul>\n<li>Klassenvorstand (KV), Erziehungsberechtigte der Sch\u00fcler der Klasse (ev. vom Elternverein nominierter Wahlvorsitzender)<\/li>\n<li>Eventuell mit beratender Stimme: Direktor, Lehrer, Schularzt, &#8230;<\/li>\n<\/ul>\n<p><u>Vorsitz:<\/u> KV<\/p>\n<p>Ausnahmen:<\/p>\n<ul>\n<li>Wahl des Klassenelternvertreters (KEV) und KEV-Stellvertreters<\/li>\n<li>wenn Direktor anwesend ist, kann er den Vorsitz \u00fcbernehmen<\/li>\n<\/ul>\n<p><u>Einberufung:<br \/>\n<\/u>Durch KV unter Beif\u00fcgung einer Tagesordnung.<\/p>\n<p><u>Zahl der Sitzungen:<br \/>\n<\/u>Mindestausma\u00df 1 Sitzung pro Schuljahr, weitere Sitzungen, wenn<\/p>\n<ul>\n<li>Entscheidungsangelegenheiten heranstehen (es empfiehlt sich, alle notwendigen Entscheidungen, Termine!, schon bei der 1. Sitzung zu Schulbeginn zu behandeln),<\/li>\n<li>dem KV Beratungen zweckm\u00e4\u00dfig erscheinen,<\/li>\n<li>die Erziehungsberechtigten von mindestens einem Drittel der Sch\u00fcler, die Einberufung verlangen. Der Antrag auf Einberufung und der Antrag \u00fcber die zu beratenden oder entscheidenden Angelegenheiten ist dem KL (KV) vorzulegen,<\/li>\n<li>der KEV (im Verhinderungsfall der KEV-Stv.) dies verlangt und der KV damit einverstanden ist.<\/li>\n<\/ul>\n<p><u>Termin der Einladung:<\/u><\/p>\n<ul>\n<li>Sitzung: 2 Wochen vor der Sitzung, 1. \u2013 8. Schulwoche,<\/li>\n<li>Weitere Sitzungen: Einladung bis sp\u00e4testens 1 Woche nach Verlangen, aber 2 Wochen vor der Sitzung. Bei Einverst\u00e4ndnis aller Beteiligten k\u00f6nnen die Fristen verk\u00fcrzt werden.<\/li>\n<\/ul>\n<p><u>Beschlussf\u00e4higkeit:<br \/>\n<\/u>KV + Erziehungsberechtigte von mindestens einem Drittel der Sch\u00fcler. Sollten weniger Eltern anwesend sein, k\u00f6nnen, wenn ordnungsgem\u00e4\u00df eingeladen wurde, nach einer Wartezeit von einer halben Stunde Beschl\u00fcsse gefasst werden. Theoretisch kann die Sitzung auch durchgef\u00fchrt werden, wenn nur 1 Erziehungsberechtigter eines Sch\u00fclers anwesend ist.<\/p>\n<p><u>Stimmberechtigt:<\/u><\/p>\n<ul>\n<li>KV &#8211; au\u00dfer bei der Wahl des KEV (KEV-Stv.),<\/li>\n<li>pro Sch\u00fcler 1 Erziehungsberechtigter (wenn 2 anwesend sind und sie k\u00f6nnen sich nicht einigen, hat keiner das Stimmrecht). 2 Sch\u00fcler mit denselben Erziehungsberechtigten = 2 Stimmen.<\/li>\n<\/ul>\n<p><u>Protokoll:<br \/>\n<\/u>\u00dcber die Sitzung muss ein Protokoll gef\u00fchrt werden.<\/p>\n","protected":false},"excerpt":{"rendered":"<p>Klassenforum &#8211; \u00a7 63a SchUG Teilnehmer: Klassenvorstand (KV), Erziehungsberechtigte der Sch\u00fcler der Klasse (ev. vom Elternverein nominierter Wahlvorsitzender) Eventuell mit beratender Stimme: Direktor, Lehrer, Schularzt, &#8230; Vorsitz: KV Ausnahmen: Wahl\u2026<\/p>\n<p class=\"continue-reading-button\"> <a class=\"continue-reading-link\" href=\"https:\/\/ms-frauenfeld.ac.at\/wordpress\/ev-klassenforum\/\">Lesen Sie mehr&#8230;<i class=\"crycon-right-dir\"><\/i><\/a><\/p>\n","protected":false},"author":2,"featured_media":0,"parent":0,"menu_order":0,"comment_status":"closed","ping_status":"closed","template":"","meta":{"footnotes":""},"_links":{"self":[{"href":"https:\/\/ms-frauenfeld.ac.at\/wordpress\/wp-json\/wp\/v2\/pages\/1866"}],"collection":[{"href":"https:\/\/ms-frauenfeld.ac.at\/wordpress\/wp-json\/wp\/v2\/pages"}],"about":[{"href":"https:\/\/ms-frauenfeld.ac.at\/wordpress\/wp-json\/wp\/v2\/types\/page"}],"author":[{"embeddable":true,"href":"https:\/\/ms-frauenfeld.ac.at\/wordpress\/wp-json\/wp\/v2\/users\/2"}],"replies":[{"embeddable":true,"href":"https:\/\/ms-frauenfeld.ac.at\/wordpress\/wp-json\/wp\/v2\/comments?post=1866"}],"version-history":[{"count":0,"href":"https:\/\/ms-frauenfeld.ac.at\/wordpress\/wp-json\/wp\/v2\/pages\/1866\/revisions"}],"wp:attachment":[{"href":"https:\/\/ms-frauenfeld.ac.at\/wordpress\/wp-json\/wp\/v2\/media?parent=1866"}],"curies":[{"name":"wp","href":"https:\/\/api.w.org\/{rel}","templated":true}]}}