{"id":1870,"date":"2015-10-26T16:59:33","date_gmt":"2015-10-26T15:59:33","guid":{"rendered":"http:\/\/ms-frauenfeld.ac.at\/wordpress\/?page_id=1870"},"modified":"2015-10-26T17:23:54","modified_gmt":"2015-10-26T16:23:54","slug":"ev-schulforum","status":"publish","type":"page","link":"https:\/\/ms-frauenfeld.ac.at\/wordpress\/ev-schulforum\/","title":{"rendered":"Schulforum"},"content":{"rendered":"<h3>Schulforum \u00a7 63a SchUG<\/h3>\n<h3><span style=\"font-size: medium;\">Teilnehmer:<\/span><\/h3>\n<ul>\n<li>alle Klassenlehrer oder Klassenvorst\u00e4nde,<\/li>\n<li>die Klassenelternvertreter aller Klassen der Schule,<\/li>\n<li>eventuell mit beratender Stimme: andere Lehrer, Klassensprecher, Bildungsberater, Schularzt, p\u00e4dagogische Leiter des Sch\u00fclerheimes.<\/li>\n<\/ul>\n<p><u>Vorsitz:<br \/>\n<\/u>Schulleiter oder ein beauftragter Lehrer.<\/p>\n<p><u>Einberufung:<br \/>\n<\/u>Durch Schulleiter unter Beif\u00fcgung einer Tagesordnung.<\/p>\n<p><u>Zahl der Sitzungen:<br \/>\n<\/u>Mindestausma\u00df 1 Sitzung pro Schuljahr, weitere Sitzungen, wenn<\/p>\n<ul>\n<li>Entscheidungsangelegenheiten heranstehen,<\/li>\n<li>dies im Fall von Beratungsangelegenheiten zweckm\u00e4\u00dfig erscheint,<\/li>\n<li>mindestens ein Drittel der Mitglieder unter gleichzeitiger Einbringung eines Antrages \u00fcber eine zu beratende oder zu entscheidende Angelegenheit dies verlangt.<\/li>\n<\/ul>\n<p><u>Termin der Einladung:<\/u><\/p>\n<ul>\n<li>1. Sitzung in der 1. \u2013 9. Schulwoche &#8211; Einladung bis sp\u00e4testens 2 Wochen vor der Sitzung<\/li>\n<li>weitere Sitzungen &#8211; Einladung bis sp\u00e4testens eine Woche nach Verlangen, aber 2 Wochen vor der Sitzung<\/li>\n<\/ul>\n<p><u>Beschlussf\u00e4higkeit:<br \/>\n<\/u>Ist bei Anwesenheit von mehr als der H\u00e4lfte der Mitglieder gegeben.<\/p>\n<p><u>Vertretung:<\/u><\/p>\n<ul>\n<li>Der Schulleiter nominiert den Vertreter f\u00fcr den verhinderten Lehrer.<\/li>\n<li>Ist der Schulleiter verhindert, nominiert er einen Lehrer als Stellvertreter.<\/li>\n<li>Ist der Klassenelternvertreter verhindert, ist er durch den Stellvertreter zu vertreten.<\/li>\n<\/ul>\n<p><u>Stimmberechtigung:<br \/>\n<\/u>Alle beschlie\u00dfenden Mitglieder.<br \/>\nDer Schulleiter ist nicht stimmberechtigt, wenn er dem Ausschuss nicht als Klassenlehrer (Klassenvorstand) angeh\u00f6rt.<\/p>\n<p><u>Protokoll:<br \/>\n<\/u>\u00dcber die Sitzung muss ein Protokoll gef\u00fchrt werden. Wird eine Gesch\u00e4ftsordnung erstellt, ist dies der Schulbeh\u00f6rde erster Instanz zur Kenntnis zu bringen.<\/p>\n<p><u>Durchf\u00fchrung von Beschl\u00fcssen:<br \/>\n<\/u>F\u00fcr die Durchf\u00fchrung von Entscheidungsbeschl\u00fcssen ist der Schulleiter zust\u00e4ndig (bei Rechtswidrigkeit: Befassung der Schulbeh\u00f6rde erster Instanz).<br \/>\nBei Beratungsbeschl\u00fcssen m\u00fcssen diese durch den Schulleiter weitergeleitet werden.<\/p>\n","protected":false},"excerpt":{"rendered":"<p>Schulforum \u00a7 63a SchUG Teilnehmer: alle Klassenlehrer oder Klassenvorst\u00e4nde, die Klassenelternvertreter aller Klassen der Schule, eventuell mit beratender Stimme: andere Lehrer, Klassensprecher, Bildungsberater, Schularzt, p\u00e4dagogische Leiter des Sch\u00fclerheimes. Vorsitz: Schulleiter\u2026<\/p>\n<p class=\"continue-reading-button\"> <a class=\"continue-reading-link\" href=\"https:\/\/ms-frauenfeld.ac.at\/wordpress\/ev-schulforum\/\">Lesen Sie mehr&#8230;<i class=\"crycon-right-dir\"><\/i><\/a><\/p>\n","protected":false},"author":2,"featured_media":0,"parent":0,"menu_order":0,"comment_status":"closed","ping_status":"closed","template":"","meta":{"footnotes":""},"_links":{"self":[{"href":"https:\/\/ms-frauenfeld.ac.at\/wordpress\/wp-json\/wp\/v2\/pages\/1870"}],"collection":[{"href":"https:\/\/ms-frauenfeld.ac.at\/wordpress\/wp-json\/wp\/v2\/pages"}],"about":[{"href":"https:\/\/ms-frauenfeld.ac.at\/wordpress\/wp-json\/wp\/v2\/types\/page"}],"author":[{"embeddable":true,"href":"https:\/\/ms-frauenfeld.ac.at\/wordpress\/wp-json\/wp\/v2\/users\/2"}],"replies":[{"embeddable":true,"href":"https:\/\/ms-frauenfeld.ac.at\/wordpress\/wp-json\/wp\/v2\/comments?post=1870"}],"version-history":[{"count":0,"href":"https:\/\/ms-frauenfeld.ac.at\/wordpress\/wp-json\/wp\/v2\/pages\/1870\/revisions"}],"wp:attachment":[{"href":"https:\/\/ms-frauenfeld.ac.at\/wordpress\/wp-json\/wp\/v2\/media?parent=1870"}],"curies":[{"name":"wp","href":"https:\/\/api.w.org\/{rel}","templated":true}]}}