{"id":1874,"date":"2015-10-26T17:16:17","date_gmt":"2015-10-26T16:16:17","guid":{"rendered":"http:\/\/ms-frauenfeld.ac.at\/wordpress\/?page_id=1874"},"modified":"2026-04-29T19:59:50","modified_gmt":"2026-04-29T17:59:50","slug":"ev-foerderung","status":"publish","type":"page","link":"https:\/\/ms-frauenfeld.ac.at\/wordpress\/ev-foerderung\/","title":{"rendered":"F\u00f6rderung"},"content":{"rendered":"<p><span style=\"color: #993300; background-color: #ffff99;\"><strong><span style=\"text-decoration: underline;\">F\u00f6rderung &#8211; ELTERNVEREIN:<\/span><\/strong><\/span><\/p>\n<p>F\u00f6rderungen werden ausschlie\u00dflich den Vereinsmitgliedern gew\u00e4hrt.<\/p>\n<table style=\"border-collapse: collapse; width: 100%;\">\n<tbody>\n<tr>\n<td style=\"width: 100%; background-color: #b9c7b3;\">\n<ul>\n<li><strong><span style=\"background-color: #ffcc00;\">f\u00fcr Klasse\/Schule<\/span>: Ansuchen um finanzielle F\u00f6rderung (an den Elternverein der MS Schwechat-Frauenfeld):<\/strong><br \/>\n<strong><a href=\"https:\/\/ms-frauenfeld.ac.at\/wordpress\/wp-content\/uploads\/2026\/04\/Ansuchen-Unterstuetzung-fuer-Lehrer.pdf\" target=\"_blank\" rel=\"noopener\">Download Formular (pdf)<\/a>\u00a0 \u00a0 \/\/\u00a0\u00a0<a href=\"https:\/\/ms-frauenfeld.ac.at\/wordpress\/wp-content\/uploads\/2026\/04\/Ansuchen-Unterstuetzung-fuer-Lehrer.docx\" target=\"_blank\" rel=\"noopener\"><span style=\"text-decoration: underline;\"><span style=\"font-size: 12pt;\">(docx*)<\/span><\/span><\/a><\/strong><\/li>\n<\/ul>\n<\/td>\n<\/tr>\n<\/tbody>\n<\/table>\n<table style=\"border-collapse: collapse; width: 100%; height: 82px;\">\n<tbody>\n<tr style=\"height: 82px;\">\n<td style=\"width: 100%; background-color: #b9c7b3; height: 82px;\">\n<ul>\n<li><strong><span style=\"background-color: #ffcc00;\">f\u00fcr Eltern<\/span>: Ansuchen um finanzielle Unterst\u00fctzung (an den Elternverein der MS Schwechat-Frauenfeld)<br \/>\n<a href=\"https:\/\/ms-frauenfeld.ac.at\/wordpress\/wp-content\/uploads\/2026\/04\/Ansuchen-Unterstuetzung.pdf\" target=\"_blank\" rel=\"noopener\">Download Formular (pdf) <\/a>\/\/ <a href=\"https:\/\/ms-frauenfeld.ac.at\/wordpress\/wp-content\/uploads\/2026\/04\/Ansuchen-Unterstuetzung.docx\" target=\"_blank\" rel=\"noopener\">(docx*)<\/a><\/strong><\/li>\n<\/ul>\n<\/td>\n<\/tr>\n<\/tbody>\n<\/table>\n<p><span style=\"font-size: 16px; background-color: #ffff99;\">F\u00f6rderungen &#8211; Stadtgemeinde Schwechat\u00a0<\/span><\/p>\n<table style=\"border-collapse: collapse; width: 100%;\">\n<tbody>\n<tr>\n<td style=\"width: 50%;\"><em><em><em><em><a style=\"color: #d6341d;\" href=\"https:\/\/www.schwechat.gv.at\/Schulveranstaltungen_1\" target=\"_blank\" rel=\"noopener\">Schulveranstaltung &#8211; F\u00f6rderung: Richtlinien &#8211; hier klicken&#8230;<\/a><\/em><\/em><\/em><\/em><\/td>\n<td style=\"width: 50%;\"><em style=\"font-size: 15px;\"><em><em><em><span style=\"font-size: 12pt;\"><a href=\"https:\/\/www.schwechat.gv.at\/system\/web\/GetDocument.ashx?fileId=2524432&amp;cts=1633445083\" target=\"_blank\" rel=\"noopener\">Formular-F\u00f6rderung (Schulveranstaltung)-Download (stand 07.2022)<\/a><\/span><br \/>\n<\/em><\/em><\/em><\/em><\/td>\n<\/tr>\n<tr>\n<td style=\"width: 50%;\"><em style=\"font-size: 15px;\"><em><em><em><br \/>\n<a href=\"https:\/\/www.schwechat.gv.at\/system\/web\/formular.aspx?detailonr=226712313&amp;menuonr=226542667\" target=\"_blank\" rel=\"noopener\">alle Formulare der Stadtgemeinde: hier klicken<\/a><\/em><\/em><\/em><\/em><\/td>\n<td style=\"width: 50%;\"><span style=\"font-size: 10pt;\"><a href=\"https:\/\/www.schwechat.gv.at\/system\/web\/GetDocument.ashx?fileId=2647350&amp;cts=1654686154\" target=\"_blank\" rel=\"noopener\"><span style=\"font-size: 12pt;\">Ansuchen um Herabsetzung des Beitrages f\u00fcr die Nachmittagsbetreuung (stand: 07.2022)-hier klicken<\/span><\/a><\/span><strong><br \/>\n<\/strong><\/td>\n<\/tr>\n<\/tbody>\n<\/table>\n<p><span style=\"font-family: georgia, palatino, serif; font-size: 16px; background-color: #ffff99;\">F\u00f6rderungen: Land Nieder\u00f6sterreich<\/span><\/p>\n<table style=\"border-collapse: collapse; width: 100%;\">\n<tbody>\n<tr>\n<td style=\"width: 50%;\"><\/td>\n<td style=\"width: 50%;\"><a style=\"color: #d6341d;\" href=\"https:\/\/www.noe.gv.at\/noe\/Stipendien-Beihilfen\/Beihilfen.html\" target=\"_blank\" rel=\"noopener\"><span style=\"font-size: 10pt;\"><span style=\"font-size: 12pt;\">.) Beihilfen &#8211; hier klicken&#8230;<\/span>.<\/span><\/a><\/p>\n<p><span style=\"font-size: 12pt;\"><a href=\"https:\/\/www.noe.gv.at\/noe\/SozialeDienste-Beratung\/Verwaltungsfonds_fuer_in_Not_geratene_Familien_in_Niedero.html\" target=\"_blank\" rel=\"noopener\">.) Fonds, f\u00fcr in Not geratene Familien in Nieder\u00f6sterreich<\/a><\/span><\/td>\n<\/tr>\n<\/tbody>\n<\/table>\n<p>*Hinweis: F\u00fcr das Logo in den Formularen ist ausschlie\u00dflich der Elternverein verantwortlich!<\/p>\n","protected":false},"excerpt":{"rendered":"<p>F\u00f6rderung &#8211; ELTERNVEREIN: F\u00f6rderungen werden ausschlie\u00dflich den Vereinsmitgliedern gew\u00e4hrt. f\u00fcr Klasse\/Schule: Ansuchen um finanzielle F\u00f6rderung (an den Elternverein der MS Schwechat-Frauenfeld): Download Formular (pdf)\u00a0 \u00a0 \/\/\u00a0\u00a0(docx*) f\u00fcr Eltern: Ansuchen um\u2026<\/p>\n<p class=\"continue-reading-button\"> <a class=\"continue-reading-link\" href=\"https:\/\/ms-frauenfeld.ac.at\/wordpress\/ev-foerderung\/\">Lesen Sie mehr&#8230;<i class=\"crycon-right-dir\"><\/i><\/a><\/p>\n","protected":false},"author":2,"featured_media":0,"parent":0,"menu_order":0,"comment_status":"closed","ping_status":"closed","template":"","meta":{"footnotes":""},"_links":{"self":[{"href":"https:\/\/ms-frauenfeld.ac.at\/wordpress\/wp-json\/wp\/v2\/pages\/1874"}],"collection":[{"href":"https:\/\/ms-frauenfeld.ac.at\/wordpress\/wp-json\/wp\/v2\/pages"}],"about":[{"href":"https:\/\/ms-frauenfeld.ac.at\/wordpress\/wp-json\/wp\/v2\/types\/page"}],"author":[{"embeddable":true,"href":"https:\/\/ms-frauenfeld.ac.at\/wordpress\/wp-json\/wp\/v2\/users\/2"}],"replies":[{"embeddable":true,"href":"https:\/\/ms-frauenfeld.ac.at\/wordpress\/wp-json\/wp\/v2\/comments?post=1874"}],"version-history":[{"count":5,"href":"https:\/\/ms-frauenfeld.ac.at\/wordpress\/wp-json\/wp\/v2\/pages\/1874\/revisions"}],"predecessor-version":[{"id":97972,"href":"https:\/\/ms-frauenfeld.ac.at\/wordpress\/wp-json\/wp\/v2\/pages\/1874\/revisions\/97972"}],"wp:attachment":[{"href":"https:\/\/ms-frauenfeld.ac.at\/wordpress\/wp-json\/wp\/v2\/media?parent=1874"}],"curies":[{"name":"wp","href":"https:\/\/api.w.org\/{rel}","templated":true}]}}