{"id":664,"date":"2015-07-13T07:37:18","date_gmt":"2015-07-13T05:37:18","guid":{"rendered":"http:\/\/ms-frauenfeld.ac.at\/wordpress\/?page_id=664"},"modified":"2022-12-13T15:41:32","modified_gmt":"2022-12-13T14:41:32","slug":"unterrichtsangebote","status":"publish","type":"page","link":"https:\/\/ms-frauenfeld.ac.at\/wordpress\/angebote\/unterrichtsangebote\/","title":{"rendered":"Nachmittagsangebote"},"content":{"rendered":"<p>Zusatzangebote am Nachmittag<\/p>\n<table style=\"height: 329px;\" width=\"643\">\n<tbody>\n<tr>\n<td><b>Nach der Mittagspause<\/b> (ab 13.45 Uhr) gibt es &#8211; neben der Nachmittagsbetreuung &#8211; die M\u00f6glichkeit unser <b>vielf\u00e4ltiges Angebot an Unterrichtsgegenst\u00e4nden<\/b> wahrzunehmen. Wir unterscheiden dabei zwischen<\/p>\n<ul>\n<li><b>Freigegenst\u00e4nden<\/b> (Gegenstand schlie\u00dft mit einer <b>Note<\/b> ab)<\/li>\n<li><b>unverbindlichen \u00dcbungen<\/b> (Gegenstand schlie\u00dft mit &#8222;<b>teilgenommen<\/b>&#8220; ab) und<\/li>\n<li>dem <b>F\u00f6rderunterricht<\/b> (wird bei Bedarf &#8211; zum Festigen des Lernstoffs &#8211; verpflichtend von den jeweiligen Lehrpersonen angeboten)<\/li>\n<\/ul>\n<p>Im Rahmen der <strong>Nachmittagsbetreuung<\/strong> gibt es die M\u00f6glichkeit je eine Unterrichtsstunde .) <strong>Mathe plus<\/strong> \/ <strong>Englisch plus<\/strong> \/ <strong>Deutsch plus<\/strong> als spezielles F\u00f6rder- und Forderangebot vor allem im Hinblick auf den Besuch weiterf\u00fchrender Schulen f\u00fcr Sch\u00fclerinnen und Sch\u00fcler der 3. und 4. Klasse zu buchen!<\/p>\n<p>Anmerkung: F\u00fcr die Er\u00f6ffnung betr\u00e4gt die Mindestteilnehmerzahl pro Gegenstand 15 Sch\u00fclerInnen!<\/p>\n<p><a href=\"http:\/\/ms-frauenfeld.ac.at\/wordpress\/elterninfo\/formularedownloads\/\" target=\"_blank\" rel=\"noopener noreferrer\">Zur Anmeldung: Organisation\/Formulare\/Nachmittagsbetreuung<\/a><\/td>\n<\/tr>\n<\/tbody>\n<\/table>\n<table>\n<tbody>\n<tr>\n<td><strong><span style=\"color: #000000; background-color: #ffff00;\">Unverbindliche \u00dcbungen<\/span><\/strong><\/td>\n<td><\/td>\n<\/tr>\n<tr>\n<td><span style=\"color: #000000;\">Basketball<\/span><\/td>\n<td><\/td>\n<\/tr>\n<tr>\n<td>Bewegung &amp; Sport<\/td>\n<td><\/td>\n<\/tr>\n<tr>\n<td><span style=\"color: #000000;\">Konfliktlotsen\/Friedenspioniere<\/span><\/td>\n<td>\u00a0<a href=\"http:\/\/ms-frauenfeld.ac.at\/wordpress\/angebote\/soziales\/konfliktlotsen\/\">weitere Informationen<\/a><\/td>\n<\/tr>\n<tr>\n<td><span style=\"color: #000000;\">Programmieren<\/span><\/td>\n<td><\/td>\n<\/tr>\n<tr>\n<td><span style=\"color: #000000;\">Volleyball<\/span><\/td>\n<td><\/td>\n<\/tr>\n<tr>\n<td><\/td>\n<td><\/td>\n<\/tr>\n<tr>\n<td><strong><span style=\"color: #000000; background-color: #ffff00;\">FREIGEGENSTAND (mit Note)<\/span><\/strong><\/td>\n<td><\/td>\n<\/tr>\n<tr>\n<td>ECDL Computerf\u00fchrerschein<\/td>\n<td><\/td>\n<\/tr>\n<tr>\n<td><\/td>\n<td><\/td>\n<\/tr>\n<\/tbody>\n<\/table>\n<p>&nbsp;<\/p>\n","protected":false},"excerpt":{"rendered":"<p>Zusatzangebote am Nachmittag Nach der Mittagspause (ab 13.45 Uhr) gibt es &#8211; neben der Nachmittagsbetreuung &#8211; die M\u00f6glichkeit unser vielf\u00e4ltiges Angebot an Unterrichtsgegenst\u00e4nden wahrzunehmen. Wir unterscheiden dabei zwischen Freigegenst\u00e4nden (Gegenstand\u2026<\/p>\n<p class=\"continue-reading-button\"> <a class=\"continue-reading-link\" href=\"https:\/\/ms-frauenfeld.ac.at\/wordpress\/angebote\/unterrichtsangebote\/\">Lesen Sie mehr&#8230;<i class=\"crycon-right-dir\"><\/i><\/a><\/p>\n","protected":false},"author":2,"featured_media":0,"parent":659,"menu_order":0,"comment_status":"closed","ping_status":"closed","template":"","meta":{"footnotes":""},"_links":{"self":[{"href":"https:\/\/ms-frauenfeld.ac.at\/wordpress\/wp-json\/wp\/v2\/pages\/664"}],"collection":[{"href":"https:\/\/ms-frauenfeld.ac.at\/wordpress\/wp-json\/wp\/v2\/pages"}],"about":[{"href":"https:\/\/ms-frauenfeld.ac.at\/wordpress\/wp-json\/wp\/v2\/types\/page"}],"author":[{"embeddable":true,"href":"https:\/\/ms-frauenfeld.ac.at\/wordpress\/wp-json\/wp\/v2\/users\/2"}],"replies":[{"embeddable":true,"href":"https:\/\/ms-frauenfeld.ac.at\/wordpress\/wp-json\/wp\/v2\/comments?post=664"}],"version-history":[{"count":0,"href":"https:\/\/ms-frauenfeld.ac.at\/wordpress\/wp-json\/wp\/v2\/pages\/664\/revisions"}],"up":[{"embeddable":true,"href":"https:\/\/ms-frauenfeld.ac.at\/wordpress\/wp-json\/wp\/v2\/pages\/659"}],"wp:attachment":[{"href":"https:\/\/ms-frauenfeld.ac.at\/wordpress\/wp-json\/wp\/v2\/media?parent=664"}],"curies":[{"name":"wp","href":"https:\/\/api.w.org\/{rel}","templated":true}]}}