{"id":716,"date":"2015-07-13T08:24:33","date_gmt":"2015-07-13T06:24:33","guid":{"rendered":"http:\/\/ms-frauenfeld.ac.at\/wordpress\/?page_id=716"},"modified":"2016-08-08T14:46:57","modified_gmt":"2016-08-08T12:46:57","slug":"soziales","status":"publish","type":"page","link":"https:\/\/ms-frauenfeld.ac.at\/wordpress\/angebote\/soziales\/","title":{"rendered":"Soziales"},"content":{"rendered":"<p><u><strong> Wichtige Regeln im Umgang miteinander<\/strong><\/u><\/p>\n<table width=\"650\">\n<tbody>\n<tr>\n<td><strong>1)\u00a0\u00a0\u00a0 ZUH\u00d6REN<br \/>\n<\/strong>Sobald jemand spricht \u2013 egal ob LehrerIn oder Sch\u00fclerIn \u2013 muss man zuh\u00f6ren. Es kann immer nur eine Person sprechen!<\/p>\n<p><strong>2)\u00a0\u00a0\u00a0 AUSREDEN LASSEN<\/strong><br \/>\nManche Kinder fallen anderen st\u00e4ndig ins Wort. W\u00fcrde man die Person ausreden lassen, er\u00fcbrigte sich dadurch so manche Frage!<\/p>\n<p><strong>3)\u00a0\u00a0\u00a0 AUFZEIGEN<\/strong><br \/>\nIhre Kinder sollten bereits aus dem Kindergarten und der Volksschule Bescheid wissen, dass man die Hand zu heben hat, bevor man spricht \u2013 zwecks R\u00fccksicht auf die anderen. Dabei zeigt man LAUTLOS und OHNE Ton auf.<\/p>\n<p><strong>4)\u00a0\u00a0\u00a0 NORMALE LAUTST\u00c4RKE beim Sprechen<\/strong><br \/>\nEs ist ein gro\u00dfer Unterschied, ob man eine Person anschreit, wenn man ihr etwas erz\u00e4hlt oder nicht \u2013 vor allem, wenn die Entfernung sehr gering ist. Manche Kinder k\u00f6nnen nur SCHREIEN. Dadurch sind Diskussionen und Spiele im Klassenverband unm\u00f6glich.<\/p>\n<p><strong>5)\u00a0\u00a0\u00a0 GEPFLEGTE AUSDRUCKSWEISE<\/strong><br \/>\nSeit wann geh\u00f6ren derbe Schimpfw\u00f6rter zur Alltagssprache? Manche Kinder k\u00f6nnen keinen Satz OHNE ein Schimpfwort \u00fcber die Lippen bringen \u2013 wohin soll das f\u00fchren? Zudem ist einigen Kindern nicht einmal klar, welche Bedeutung diese W\u00f6rter haben!<\/p>\n<p><strong>6)\u00a0\u00a0\u00a0 NORMALER UMGANG MITEINANDER<\/strong><br \/>\nSachen werden vom Sitznachbarn weggenommen oder auf den Boden geschmissen. Mitsch\u00fclerInnen werden grundlos geschlagen und\/oder getreten. KlassenkameradInnen werden gemobbt \u2013 KEIN Sch\u00fcler &#8211; KEIN Sch\u00fclerin darf GRUNDLOS geschlagen, getreten oder geschimpft wird!!! Einzelne finden das leider lustig und glauben das sei \u00fcblich?!<\/p>\n<p><strong>7)\u00a0\u00a0\u00a0 GR\u00dc\u00dfEN DER LEHRERINNEN<\/strong><br \/>\nErwachsene sind zu gr\u00fc\u00dfen \u2013 in der Fr\u00fch, am Gang, etc. Zu Beginn der Stunde ist es ein Zeichen der H\u00f6flichkeit den Lehrer &#8211; die Lehrerin zu gr\u00fc\u00dfen. Sch\u00fclerInnen sind am Platz und haben die Materialien f\u00fcr den jeweiligen Gegenstand bereits hergerichtet.<\/p>\n<p><em><strong><span style=\"font-size: 14pt;\"><a href=\"http:\/\/ms-frauenfeld.ac.at\/wordpress\/elterninfo\/formularedownloads\/\">zur Hausordnung (Verhaltensregeln)&#8230;<\/a><\/span><\/strong><\/em><\/td>\n<\/tr>\n<\/tbody>\n<\/table>\n<p>&nbsp;<\/p>\n","protected":false},"excerpt":{"rendered":"<p>Wichtige Regeln im Umgang miteinander 1)\u00a0\u00a0\u00a0 ZUH\u00d6REN Sobald jemand spricht \u2013 egal ob LehrerIn oder Sch\u00fclerIn \u2013 muss man zuh\u00f6ren. Es kann immer nur eine Person sprechen! 2)\u00a0\u00a0\u00a0 AUSREDEN LASSEN\u2026<\/p>\n<p class=\"continue-reading-button\"> <a class=\"continue-reading-link\" href=\"https:\/\/ms-frauenfeld.ac.at\/wordpress\/angebote\/soziales\/\">Lesen Sie mehr&#8230;<i class=\"crycon-right-dir\"><\/i><\/a><\/p>\n","protected":false},"author":2,"featured_media":0,"parent":659,"menu_order":0,"comment_status":"closed","ping_status":"closed","template":"","meta":{"footnotes":""},"_links":{"self":[{"href":"https:\/\/ms-frauenfeld.ac.at\/wordpress\/wp-json\/wp\/v2\/pages\/716"}],"collection":[{"href":"https:\/\/ms-frauenfeld.ac.at\/wordpress\/wp-json\/wp\/v2\/pages"}],"about":[{"href":"https:\/\/ms-frauenfeld.ac.at\/wordpress\/wp-json\/wp\/v2\/types\/page"}],"author":[{"embeddable":true,"href":"https:\/\/ms-frauenfeld.ac.at\/wordpress\/wp-json\/wp\/v2\/users\/2"}],"replies":[{"embeddable":true,"href":"https:\/\/ms-frauenfeld.ac.at\/wordpress\/wp-json\/wp\/v2\/comments?post=716"}],"version-history":[{"count":0,"href":"https:\/\/ms-frauenfeld.ac.at\/wordpress\/wp-json\/wp\/v2\/pages\/716\/revisions"}],"up":[{"embeddable":true,"href":"https:\/\/ms-frauenfeld.ac.at\/wordpress\/wp-json\/wp\/v2\/pages\/659"}],"wp:attachment":[{"href":"https:\/\/ms-frauenfeld.ac.at\/wordpress\/wp-json\/wp\/v2\/media?parent=716"}],"curies":[{"name":"wp","href":"https:\/\/api.w.org\/{rel}","templated":true}]}}