{"id":87750,"date":"2016-01-22T20:34:54","date_gmt":"2016-01-22T19:34:54","guid":{"rendered":"http:\/\/ms-frauenfeld.ac.at\/wordpress\/?page_id=87750"},"modified":"2022-07-03T21:29:39","modified_gmt":"2022-07-03T19:29:39","slug":"links","status":"publish","type":"page","link":"https:\/\/ms-frauenfeld.ac.at\/wordpress\/links\/","title":{"rendered":"LINKS"},"content":{"rendered":"<h2>VERKEHR:<\/h2>\n<table border=\"1\" width=\"700\">\n<tbody>\n<tr>\n<td><span style=\"font-size: x-large;\"> Information der Stadtgemeinde Schwechat:\u00a0<\/span><\/p>\n<p><a href=\"https:\/\/www.schwechat.gv.at\/Meine_Stadt\/Verkehr\" target=\"_blank\" rel=\"noopener\">Mobilit\u00e4t und Verkehr<\/a><\/p>\n<p><a href=\"https:\/\/www.schwechat.gv.at\/Meine_Stadt\/Verkehr\/Bus_Bahn\" target=\"_blank\" rel=\"noopener\">Bus und Bahn &#8211; \u00dcbersicht<\/a><\/p>\n<p><a href=\"https:\/\/schwechat.map2web.eu\/lists?toc-id=1443&amp;pinned=\" target=\"_blank\" rel=\"noopener\">Buslinien<\/a><\/p>\n<p><a href=\"https:\/\/www.schwechat.gv.at\/Meine_Stadt\/Verkehr\/Stadtplan\" target=\"_blank\" rel=\"noopener\">Stadtplan Schwechat<\/a><\/p>\n<p><u><b>\u00dcbersicht \u00fcber\u00a0Verkehrslinien (von und nach Schwechat)<span lang=\"de\"><br \/>\n<\/span><\/b><\/u><span lang=\"de\">F\u00fcr individuelle Fahrten siehe auch: <a href=\"http:\/\/www.vor.at\/\" target=\"_blank\" rel=\"noopener noreferrer\">http:\/\/www.vor.at\/<\/a> oder <a href=\"http:\/\/www.oebb.at\/\" target=\"_blank\" rel=\"noopener noreferrer\">http:\/\/www.oebb.at\/<\/a><\/span><\/td>\n<\/tr>\n<\/tbody>\n<\/table>\n<p>&nbsp;<\/p>\n<table border=\"1\" width=\"700\">\n<tbody>\n<tr>\n<td><u><b><span style=\"color: #ff0000;\">Erste Hilfe:<\/span> \u00d6sterreichisches Jugendrotkreuz Nieder\u00f6sterreich<\/b><\/u> &#8211; <a href=\"http:\/\/www.jugendrotkreuz.at\/niederoesterreich\" target=\"_blank\" rel=\"noopener noreferrer\"> Link<\/a><\/p>\n<p><u><b><span style=\"color: #ff0000;\">Erste Hilfe:<\/span><\/b><\/u>\u00a0Ausweis verloren &#8211; Duplikat anfordern: <a href=\"https:\/\/www.jugendrotkreuz.at\/niederoesterreich\/ausweisduplikat-anfordern\/\" target=\"_blank\" rel=\"noopener noreferrer\">LINK<\/a><\/td>\n<\/tr>\n<tr>\n<td><strong>Sch\u00fclerberatung<\/strong> (Berufsinformation) &#8211; <a href=\"http:\/\/ms-frauenfeld.ac.at\/wordpress\/angebote\/soziales\/schuelerberatung\/links\/\" target=\"_blank\" rel=\"noopener noreferrer\">Link (Berufsinformation)<\/a><\/td>\n<\/tr>\n<\/tbody>\n<\/table>\n<p>&nbsp;<\/p>\n","protected":false},"excerpt":{"rendered":"<p>VERKEHR: Information der Stadtgemeinde Schwechat:\u00a0 Mobilit\u00e4t und Verkehr Bus und Bahn &#8211; \u00dcbersicht Buslinien Stadtplan Schwechat \u00dcbersicht \u00fcber\u00a0Verkehrslinien (von und nach Schwechat) F\u00fcr individuelle Fahrten siehe auch: http:\/\/www.vor.at\/ oder http:\/\/www.oebb.at\/\u2026<\/p>\n<p class=\"continue-reading-button\"> <a class=\"continue-reading-link\" href=\"https:\/\/ms-frauenfeld.ac.at\/wordpress\/links\/\">Lesen Sie mehr&#8230;<i class=\"crycon-right-dir\"><\/i><\/a><\/p>\n","protected":false},"author":2,"featured_media":0,"parent":0,"menu_order":0,"comment_status":"closed","ping_status":"closed","template":"","meta":{"footnotes":""},"_links":{"self":[{"href":"https:\/\/ms-frauenfeld.ac.at\/wordpress\/wp-json\/wp\/v2\/pages\/87750"}],"collection":[{"href":"https:\/\/ms-frauenfeld.ac.at\/wordpress\/wp-json\/wp\/v2\/pages"}],"about":[{"href":"https:\/\/ms-frauenfeld.ac.at\/wordpress\/wp-json\/wp\/v2\/types\/page"}],"author":[{"embeddable":true,"href":"https:\/\/ms-frauenfeld.ac.at\/wordpress\/wp-json\/wp\/v2\/users\/2"}],"replies":[{"embeddable":true,"href":"https:\/\/ms-frauenfeld.ac.at\/wordpress\/wp-json\/wp\/v2\/comments?post=87750"}],"version-history":[{"count":0,"href":"https:\/\/ms-frauenfeld.ac.at\/wordpress\/wp-json\/wp\/v2\/pages\/87750\/revisions"}],"wp:attachment":[{"href":"https:\/\/ms-frauenfeld.ac.at\/wordpress\/wp-json\/wp\/v2\/media?parent=87750"}],"curies":[{"name":"wp","href":"https:\/\/api.w.org\/{rel}","templated":true}]}}