{"id":885,"date":"2015-07-13T20:01:00","date_gmt":"2015-07-13T18:01:00","guid":{"rendered":"http:\/\/ms-frauenfeld.ac.at\/wordpress\/?page_id=885"},"modified":"2016-08-08T20:17:13","modified_gmt":"2016-08-08T18:17:13","slug":"aktuell","status":"publish","type":"page","link":"https:\/\/ms-frauenfeld.ac.at\/wordpress\/angebote\/soziales\/schuelerberatung\/aktuell\/","title":{"rendered":"Information 1 &#8211; weiterf\u00fchrende Schulen"},"content":{"rendered":"<table>\n<tbody>\n<tr>\n<td>\n<p align=\"center\"><span class=\"klein\"><span class=\"Stil6\">Weiterf\u00fchrende Schulen -Anmeldung <\/span><\/span><\/p>\n<p>Grunds\u00e4tzlich beginnt die Anmeldefrist f\u00fcr weiterf\u00fchrende Schulen nach den Semesterferien und dauert den ganzen Februar.<br \/>\nAchtung: Heuer neue Bestimmungen &#8211;<br \/>\nTIPP: <strong>Homepages der Schulen besuchen<\/strong>!<br \/>\nBitte beachten Sie die B\u00fcrozeiten der einzelnen Schulen und das Angebot, notwendige Formulare von der Homepage herunter zu laden.<\/p>\n<p>&nbsp;<\/td>\n<td><\/td>\n<td>\n<div class=\"klein\" align=\"left\"><strong>Bei Abgabe des Anmeldeformulars sind zur Einsichtnahme vorzulegen: <\/strong><\/div>\n<div align=\"left\">\n<ul>\n<li class=\"klein\"><strong>Geburtsurkunde <\/strong><\/li>\n<li class=\"klein\"><strong>Meldezettel <\/strong><\/li>\n<li class=\"klein\"><strong>Staatsb\u00fcrgerschaftsnachweis <\/strong><\/li>\n<li class=\"klein\"><strong>ev. Vormundschaftsdekret <\/strong><\/li>\n<li class=\"klein\"><strong>Schulnachricht der 8. Schulstufe, (manchmal auch der<br \/>\n3. Klasse NMS)<\/strong><\/li>\n<\/ul>\n<\/div>\n<\/td>\n<\/tr>\n<tr>\n<td colspan=\"3\">\n<p align=\"center\"><span class=\"klein\"><span class=\"Stil6\"> Von der NMS in eine h\u00f6here Schule (mit Matura):<\/span><\/span><\/p>\n<ul>\n<li>\u00dcbertritt ohne Aufnahmepr\u00fcfung: Wenn die Beurteilung in D, E, M in der vertieften Allgemeinbildung erfolgt!<\/li>\n<\/ul>\n<p>Von der NMS in eine mittlere Schule (z.B. Handelsschule)<\/p>\n<ul>\n<li>\u00dcbertritt ohne Aufnahmepr\u00fcfung in D, E, M: bei Beurteilung im Grundlegenden Bereich<\/li>\n<\/ul>\n<div class=\"klein\" align=\"left\"><\/div>\n<\/td>\n<\/tr>\n<\/tbody>\n<\/table>\n<p><span style=\"text-decoration: underline; background-color: #ffff99;\"><strong>LINKS &#8211; Sch\u00fclerberatung<\/strong><\/span><\/p>\n<table>\n<tbody>\n<tr>\n<td><strong>Information 1 weiterf\u00fchrende Schulen<\/strong><\/td>\n<td><strong>\u00a0<a href=\"http:\/\/ms-frauenfeld.ac.at\/wordpress\/angebote\/soziales\/schuelerberatung\/aufgaben\/\">Aufgaben der Sch\u00fclerberatung<\/a><\/strong><\/td>\n<td><strong>\u00a0<a href=\"http:\/\/ms-frauenfeld.ac.at\/wordpress\/angebote\/soziales\/schuelerberatung\/schuelerberaterin\/\">Sch\u00fclerberaterin<\/a><\/strong><\/td>\n<td><strong>\u00a0<a href=\"http:\/\/ms-frauenfeld.ac.at\/wordpress\/angebote\/soziales\/schuelerberatung\/termine\/\" target=\"_blank\">Sprechstunde\/<\/a><br \/>\n<a href=\"http:\/\/ms-frauenfeld.ac.at\/wordpress\/angebote\/soziales\/schuelerberatung\/termine\/\">Sch\u00fclerberaterin<\/a><\/strong><\/td>\n<\/tr>\n<tr>\n<td><a href=\"http:\/\/ms-frauenfeld.ac.at\/wordpress\/angebote\/soziales\/schuelerberatung\/information\/\"><strong>Information 2 weiterf\u00fchrende Schulen<\/strong><\/a><\/td>\n<td><strong><a href=\"http:\/\/ms-frauenfeld.ac.at\/wordpress\/angebote\/soziales\/schuelerberatung\/berfuswahl-tests\/\">Informationen und <\/a><\/strong><br \/>\n<strong> <a href=\"http:\/\/ms-frauenfeld.ac.at\/wordpress\/angebote\/soziales\/schuelerberatung\/berfuswahl-tests\/\">Tests zur Berufswahl<\/a><\/strong><\/td>\n<td><strong><a href=\"http:\/\/ms-frauenfeld.ac.at\/wordpress\/angebote\/soziales\/schuelerberatung\/berufspr-tage\/\">Berufspraktische Tage<\/a><\/strong><\/td>\n<td><strong><a href=\"http:\/\/ms-frauenfeld.ac.at\/wordpress\/angebote\/soziales\/schuelerberatung\/hilfen\/\">Schulische und au\u00dferschulische Hilfen<\/a><\/strong><\/td>\n<\/tr>\n<tr>\n<td><strong><a href=\"http:\/\/ms-frauenfeld.ac.at\/wordpress\/angebote\/soziales\/schuelerberatung\/links\/\">Links<\/a><\/strong><\/td>\n<td><strong><a href=\"http:\/\/ms-frauenfeld.ac.at\/wordpress\/wp-content\/uploads\/2015\/07\/elternbrief_anmeldung.pdf\">Aufnahmeverfahren in die 9. Schulstufe (nach der NMS)-2011\/12<\/a><\/strong><\/td>\n<td><strong>\u00a0<\/strong><\/td>\n<td><strong>\u00a0<\/strong><\/td>\n<\/tr>\n<\/tbody>\n<\/table>\n<p>&nbsp;<\/p>\n","protected":false},"excerpt":{"rendered":"<p>Weiterf\u00fchrende Schulen -Anmeldung Grunds\u00e4tzlich beginnt die Anmeldefrist f\u00fcr weiterf\u00fchrende Schulen nach den Semesterferien und dauert den ganzen Februar. Achtung: Heuer neue Bestimmungen &#8211; TIPP: Homepages der Schulen besuchen! Bitte beachten\u2026<\/p>\n<p class=\"continue-reading-button\"> <a class=\"continue-reading-link\" href=\"https:\/\/ms-frauenfeld.ac.at\/wordpress\/angebote\/soziales\/schuelerberatung\/aktuell\/\">Lesen Sie mehr&#8230;<i class=\"crycon-right-dir\"><\/i><\/a><\/p>\n","protected":false},"author":2,"featured_media":0,"parent":674,"menu_order":0,"comment_status":"closed","ping_status":"closed","template":"","meta":{"footnotes":""},"_links":{"self":[{"href":"https:\/\/ms-frauenfeld.ac.at\/wordpress\/wp-json\/wp\/v2\/pages\/885"}],"collection":[{"href":"https:\/\/ms-frauenfeld.ac.at\/wordpress\/wp-json\/wp\/v2\/pages"}],"about":[{"href":"https:\/\/ms-frauenfeld.ac.at\/wordpress\/wp-json\/wp\/v2\/types\/page"}],"author":[{"embeddable":true,"href":"https:\/\/ms-frauenfeld.ac.at\/wordpress\/wp-json\/wp\/v2\/users\/2"}],"replies":[{"embeddable":true,"href":"https:\/\/ms-frauenfeld.ac.at\/wordpress\/wp-json\/wp\/v2\/comments?post=885"}],"version-history":[{"count":0,"href":"https:\/\/ms-frauenfeld.ac.at\/wordpress\/wp-json\/wp\/v2\/pages\/885\/revisions"}],"up":[{"embeddable":true,"href":"https:\/\/ms-frauenfeld.ac.at\/wordpress\/wp-json\/wp\/v2\/pages\/674"}],"wp:attachment":[{"href":"https:\/\/ms-frauenfeld.ac.at\/wordpress\/wp-json\/wp\/v2\/media?parent=885"}],"curies":[{"name":"wp","href":"https:\/\/api.w.org\/{rel}","templated":true}]}}