{"id":89389,"date":"2017-02-24T12:32:24","date_gmt":"2017-02-24T11:32:24","guid":{"rendered":"http:\/\/ms-frauenfeld.ac.at\/wordpress\/?page_id=89389"},"modified":"2017-07-20T09:38:42","modified_gmt":"2017-07-20T07:38:42","slug":"lernbuero","status":"publish","type":"page","link":"https:\/\/ms-frauenfeld.ac.at\/wordpress\/angebote\/lernbuero\/","title":{"rendered":"Lernb\u00fcro"},"content":{"rendered":"<p>In den ersten Klassen der NMS Schwechat-Frauenfeld wird im Schuljahr 2016\/17 erstmalig nach dem Vorbild international\u00a0erfolgreicher Schulen (z.B. <a href=\"http:\/\/www.ev-schule-zentrum.de\/aktuell\/\" target=\"_blank\" rel=\"noopener\">Evangelische Schule Berlin Zentrum<\/a>) das sogenannte Lernb\u00fcro angeboten.<\/p>\n<p>Im Lernb\u00fcro arbeiten die Kinder in den Hauptgegenst\u00e4nden (Mathematik, Deutsch und Englisch) je 2 Stunden in der Woche selbstst\u00e4ndig\u00a0an den zur Verf\u00fcgung gestellten Unterrichtsmaterialien. Die Lehrerinnen und Lehrer unterst\u00fctzen und begleiten die Kinder individuell beim Lernen und geben R\u00fcckmeldung \u00fcber den Lernfortschritt. So bekommt jedes Kind die Unterst\u00fctzung, die es gerade ben\u00f6tigt.<\/p>\n<p>Diese differenzierte Lernform erm\u00f6glicht es den Kindern, in ihrem eigenen Lerntempo zu arbeiten: Wer die Inhalte\u00a0\u00a0gut verstanden und verinnerlicht hat, arbeitet am n\u00e4chsten Thema, w\u00e4hrend sich andere noch l\u00e4nger damit besch\u00e4ftigen. Als Beweis daf\u00fcr, dass eine Sch\u00fclerin oder ein Sch\u00fcler fit im erarbeiteten Fachgebiet ist, meldet sie\/er sich z. B. in Mathematik, um eine Leistungsaufgabe zu l\u00f6sen. Leistungsaufgaben sind eine wichtige Grundlage f\u00fcr die Leistungsfeststellung.<\/p>\n<p>In den Sprachen wird im Lernb\u00fcro intensiv mit Festigungsmaterialien gearbeitet. Kinder k\u00f6nnen hier den richtigen Einsatz von Grammatik und Rechtschreibung trainieren oder zus\u00e4tzliche Vokabel- und Wortschatz\u00fcbungen machen. Das Lernb\u00fcro bietet eine Vielzahl differenzierter Materialien, sodass die Kinder sich jenen Bereichen widmen k\u00f6nnen, die sie aktuell vertiefen und festigen sollen.<\/p>\n<p>Das Lernb\u00fcro ist in der NMS Schwechat-Frauenfeld kein Ersatz sondern eine wertvolle Erg\u00e4nzung zum regul\u00e4ren, tradierten Unterricht. Es erm\u00f6glicht den Lehrerinnen und Lehrern eine bessere individuelle F\u00f6rderung einzelner Kinder und f\u00f6rdert neben den fachlichen Kompetenzen auch die Selbstst\u00e4ndigkeit und Selbstorganisation der Sch\u00fclerinnen und Sch\u00fcler. Nach einer halbj\u00e4hrlichen Erprobungszeit steht fest: Der Erfolg spricht f\u00fcr sich.<\/p>\n<p>&nbsp;<\/p>\n\n","protected":false},"excerpt":{"rendered":"<p>In den ersten Klassen der NMS Schwechat-Frauenfeld wird im Schuljahr 2016\/17 erstmalig nach dem Vorbild international\u00a0erfolgreicher Schulen (z.B. Evangelische Schule Berlin Zentrum) das sogenannte Lernb\u00fcro angeboten. Im Lernb\u00fcro arbeiten die\u2026<\/p>\n<p class=\"continue-reading-button\"> <a class=\"continue-reading-link\" href=\"https:\/\/ms-frauenfeld.ac.at\/wordpress\/angebote\/lernbuero\/\">Lesen Sie mehr&#8230;<i class=\"crycon-right-dir\"><\/i><\/a><\/p>\n","protected":false},"author":3,"featured_media":0,"parent":659,"menu_order":0,"comment_status":"closed","ping_status":"closed","template":"","meta":{"footnotes":""},"_links":{"self":[{"href":"https:\/\/ms-frauenfeld.ac.at\/wordpress\/wp-json\/wp\/v2\/pages\/89389"}],"collection":[{"href":"https:\/\/ms-frauenfeld.ac.at\/wordpress\/wp-json\/wp\/v2\/pages"}],"about":[{"href":"https:\/\/ms-frauenfeld.ac.at\/wordpress\/wp-json\/wp\/v2\/types\/page"}],"author":[{"embeddable":true,"href":"https:\/\/ms-frauenfeld.ac.at\/wordpress\/wp-json\/wp\/v2\/users\/3"}],"replies":[{"embeddable":true,"href":"https:\/\/ms-frauenfeld.ac.at\/wordpress\/wp-json\/wp\/v2\/comments?post=89389"}],"version-history":[{"count":0,"href":"https:\/\/ms-frauenfeld.ac.at\/wordpress\/wp-json\/wp\/v2\/pages\/89389\/revisions"}],"up":[{"embeddable":true,"href":"https:\/\/ms-frauenfeld.ac.at\/wordpress\/wp-json\/wp\/v2\/pages\/659"}],"wp:attachment":[{"href":"https:\/\/ms-frauenfeld.ac.at\/wordpress\/wp-json\/wp\/v2\/media?parent=89389"}],"curies":[{"name":"wp","href":"https:\/\/api.w.org\/{rel}","templated":true}]}}