{"id":899,"date":"2015-07-13T20:19:16","date_gmt":"2015-07-13T18:19:16","guid":{"rendered":"http:\/\/ms-frauenfeld.ac.at\/wordpress\/?page_id=899"},"modified":"2016-08-08T20:19:14","modified_gmt":"2016-08-08T18:19:14","slug":"information","status":"publish","type":"page","link":"https:\/\/ms-frauenfeld.ac.at\/wordpress\/angebote\/soziales\/schuelerberatung\/information\/","title":{"rendered":"Information 2 &#8211; weiterf\u00fchrende Schulen"},"content":{"rendered":"<table>\n<tbody>\n<tr>\n<td colspan=\"2\"><strong>WEITERF\u00dcHRENDE SCHULEN<\/strong><\/td>\n<td><\/td>\n<td><a href=\"http:\/\/ms-frauenfeld.ac.at\/wordpress\/wp-content\/uploads\/2015\/07\/logo_schuelerb.gif\"><img decoding=\"async\" loading=\"lazy\" class=\"alignnone size-full wp-image-883\" src=\"http:\/\/ms-frauenfeld.ac.at\/wordpress\/wp-content\/uploads\/2015\/07\/logo_schuelerb.gif\" alt=\"logo_schuelerb\" width=\"142\" height=\"89\" \/><\/a><\/td>\n<\/tr>\n<tr>\n<td colspan=\"4\"><strong>Viele Sch\u00fcler\/innen wissen am Beginn der vierten Klasse noch nicht so recht, wie es im n\u00e4chsten Jahr mit ihrer Schullaufbahn weitergehen soll. Eine wichtige Aufgabe der Sch\u00fclerberatung ist daher, hier Hilfestellungen f\u00fcr Eltern und Sch\u00fcler\/innen anzubieten. <\/strong><\/td>\n<\/tr>\n<tr>\n<td><\/td>\n<td><\/td>\n<td><\/td>\n<td><\/td>\n<\/tr>\n<tr>\n<td rowspan=\"3\">1. Eine gute M\u00f6glichkeit, sich eingehend mit weiterf\u00fchrenden Schulen auseinander zu setzen, bieten die<\/p>\n<p align=\"center\"><span class=\"Stil1\">TAGE DER OFFENEN T\u00dcR <\/span>,<\/p>\n<p>die von fast allen weiterf\u00fchrenden Schulen ausgeschrieben werden. Ich m\u00f6chte daher besonders auf die Anschlagtafel der Sch\u00fclerberatung aufmerksam machen. Hier werden alle Aussendungen weiterf\u00fchrender Schulen von mir ausgeh\u00e4ngt und somit die Daten dieser Tage der OFFENEN T\u00dcR bekannt gegeben. Ich kann den Besuch dieser Informationsveranstaltungen wirklich empfehlen und darf darauf hinweisen, dass die ersten Besuchstermine Ende Oktober angesetzt sein werden.<\/td>\n<td><\/td>\n<td><\/td>\n<td>3. Alle Schulen informieren im<\/p>\n<p class=\"Stil1\" align=\"center\">INTERNET<\/p>\n<p>\u00fcber Ihre Bildungsangebote, Lehrf\u00e4cher und wichtige Termine. Die Adressen sind z.B. unter <a href=\"http:\/\/www.schule.at\/\" target=\"_blank\">www.schule.at <\/a>(Schulen im Netz) zu finden.<\/td>\n<\/tr>\n<tr>\n<td><\/td>\n<td><\/td>\n<td>*TIPP: <strong>Besuche deine zuk\u00fcnftige Schule im Internet! (Termin und Anleitung in der Schule nach Absprache). <\/strong><\/td>\n<\/tr>\n<tr>\n<td><\/td>\n<td><\/td>\n<td><\/td>\n<\/tr>\n<tr>\n<td>* TIPP: <strong><strong>Wer also interessante Termine f\u00fcr Schulbesuche nicht vers\u00e4umen will, sollte die Anschlagtafel mehrmals pro Woche kontrollieren!<\/strong><\/strong><\/td>\n<td><\/td>\n<td><\/td>\n<td>4. <strong><strong> <span class=\"Stil3\">PR\u00c4SENTATION<\/span>:<\/strong><\/strong>Einige ProfessorInnenvon weiterf\u00fchrenden Schulen kommen an unsere Schule und <strong>stellen <\/strong>ihren <strong>Schultyp <\/strong>interessierten Sch\u00fclerInnen (w\u00e4hrend der Unterrichtszeit) <strong>vor <\/strong>und beantworten Fragen.<\/td>\n<\/tr>\n<tr>\n<td>\n<p align=\"left\">2. Daneben biete ich<\/p>\n<p class=\"Stil1\">INDIVIDUELLE BERATUNG<\/p>\n<div align=\"left\">f\u00fcr Sch\u00fcler\/innen und Eltern (nach Vereinbarung) an, um spezielle Fragen beantworten und z.B. Ausk\u00fcnfte \u00fcber Schuladressen, Anmeldefristen, Voraussetzungen&#8230; geben zu k\u00f6nnen.<\/div>\n<\/td>\n<td><\/td>\n<td><\/td>\n<td><\/td>\n<\/tr>\n<tr>\n<td><\/td>\n<td><\/td>\n<td><\/td>\n<td>*TIPP: <strong>Nimm an diesen Vortr\u00e4gen teil, stelle Fragen!<\/strong><\/td>\n<\/tr>\n<tr>\n<td>*TIPP: <strong>Ich ersuche um baldige Anmeldung <\/strong><\/td>\n<td><\/td>\n<td><\/td>\n<td>5. <strong> <span class=\"Stil3\">TOP TALENTE CHECK<\/span>: <\/strong>Ein professionelles Team der N\u00d6 Landesakademie kommt (bei gen\u00fcgend abgegebenen Anmeldungen) an die Schule und f\u00fchrt einen Test durch<\/td>\n<\/tr>\n<tr>\n<td><\/td>\n<td><\/td>\n<td><\/td>\n<td><strong> * <\/strong> TIPP: <strong>F\u00fcr den<br \/>\nTOP TALENTE CHECK anmelden; (siehe unter <a href=\"http:\/\/www.talentecheck.at\/\" target=\"_blank\">www.talentecheck.at<\/a>) <\/strong><\/td>\n<\/tr>\n<\/tbody>\n<\/table>\n<p>&nbsp;<\/p>\n<p><span style=\"text-decoration: underline; background-color: #ffff99;\"><strong>LINKS &#8211; Sch\u00fclerberatung<\/strong><\/span><\/p>\n<table>\n<tbody>\n<tr>\n<td><a href=\"http:\/\/ms-frauenfeld.ac.at\/wordpress\/angebote\/soziales\/schuelerberatung\/aktuell\/\"><strong>Information 1 weiterf\u00fchrende Schulen<\/strong><\/a><\/td>\n<td><strong>\u00a0<a href=\"http:\/\/ms-frauenfeld.ac.at\/wordpress\/angebote\/soziales\/schuelerberatung\/aufgaben\/\">Aufgaben der Sch\u00fclerberatung<\/a><\/strong><\/td>\n<td><strong>\u00a0<a href=\"http:\/\/ms-frauenfeld.ac.at\/wordpress\/angebote\/soziales\/schuelerberatung\/schuelerberaterin\/\">Sch\u00fclerberaterin<\/a><\/strong><\/td>\n<td><strong>\u00a0<a href=\"http:\/\/ms-frauenfeld.ac.at\/wordpress\/angebote\/soziales\/schuelerberatung\/termine\/\" target=\"_blank\">Sprechstunde\/<\/a><br \/>\n<a href=\"http:\/\/ms-frauenfeld.ac.at\/wordpress\/angebote\/soziales\/schuelerberatung\/termine\/\">Sch\u00fclerberaterin<\/a><\/strong><\/td>\n<\/tr>\n<tr>\n<td><span style=\"color: #000000;\"><strong>Information 2 weiterf\u00fchrende Schulen<\/strong><\/span><\/td>\n<td><strong><a href=\"http:\/\/ms-frauenfeld.ac.at\/wordpress\/angebote\/soziales\/schuelerberatung\/berfuswahl-tests\/\">Informationen und <\/a><\/strong><br \/>\n<strong><a href=\"http:\/\/ms-frauenfeld.ac.at\/wordpress\/angebote\/soziales\/schuelerberatung\/berfuswahl-tests\/\">Tests zur Berufswahl<\/a><\/strong><\/td>\n<td><strong><a href=\"http:\/\/ms-frauenfeld.ac.at\/wordpress\/angebote\/soziales\/schuelerberatung\/berufspr-tage\/\">Berufspraktische Tage<\/a><\/strong><\/td>\n<td><strong><a href=\"http:\/\/ms-frauenfeld.ac.at\/wordpress\/angebote\/soziales\/schuelerberatung\/hilfen\/\">Schulische und au\u00dferschulische Hilfen<\/a><\/strong><\/td>\n<\/tr>\n<tr>\n<td><strong><a href=\"http:\/\/ms-frauenfeld.ac.at\/wordpress\/angebote\/soziales\/schuelerberatung\/links\/\">Links<\/a><\/strong><\/td>\n<td><strong><a href=\"http:\/\/ms-frauenfeld.ac.at\/wordpress\/wp-content\/uploads\/2015\/07\/elternbrief_anmeldung.pdf\">Aufnahmeverfahren in die 9. Schulstufe (nach der NMS)-2011\/12<\/a><\/strong><\/td>\n<td><strong>\u00a0<\/strong><\/td>\n<td><strong>\u00a0<\/strong><\/td>\n<\/tr>\n<\/tbody>\n<\/table>\n<p>&nbsp;<\/p>\n","protected":false},"excerpt":{"rendered":"<p>WEITERF\u00dcHRENDE SCHULEN Viele Sch\u00fcler\/innen wissen am Beginn der vierten Klasse noch nicht so recht, wie es im n\u00e4chsten Jahr mit ihrer Schullaufbahn weitergehen soll. Eine wichtige Aufgabe der Sch\u00fclerberatung ist\u2026<\/p>\n<p class=\"continue-reading-button\"> <a class=\"continue-reading-link\" href=\"https:\/\/ms-frauenfeld.ac.at\/wordpress\/angebote\/soziales\/schuelerberatung\/information\/\">Lesen Sie mehr&#8230;<i class=\"crycon-right-dir\"><\/i><\/a><\/p>\n","protected":false},"author":2,"featured_media":0,"parent":674,"menu_order":0,"comment_status":"closed","ping_status":"closed","template":"","meta":{"footnotes":""},"_links":{"self":[{"href":"https:\/\/ms-frauenfeld.ac.at\/wordpress\/wp-json\/wp\/v2\/pages\/899"}],"collection":[{"href":"https:\/\/ms-frauenfeld.ac.at\/wordpress\/wp-json\/wp\/v2\/pages"}],"about":[{"href":"https:\/\/ms-frauenfeld.ac.at\/wordpress\/wp-json\/wp\/v2\/types\/page"}],"author":[{"embeddable":true,"href":"https:\/\/ms-frauenfeld.ac.at\/wordpress\/wp-json\/wp\/v2\/users\/2"}],"replies":[{"embeddable":true,"href":"https:\/\/ms-frauenfeld.ac.at\/wordpress\/wp-json\/wp\/v2\/comments?post=899"}],"version-history":[{"count":0,"href":"https:\/\/ms-frauenfeld.ac.at\/wordpress\/wp-json\/wp\/v2\/pages\/899\/revisions"}],"up":[{"embeddable":true,"href":"https:\/\/ms-frauenfeld.ac.at\/wordpress\/wp-json\/wp\/v2\/pages\/674"}],"wp:attachment":[{"href":"https:\/\/ms-frauenfeld.ac.at\/wordpress\/wp-json\/wp\/v2\/media?parent=899"}],"curies":[{"name":"wp","href":"https:\/\/api.w.org\/{rel}","templated":true}]}}