{"id":901,"date":"2015-07-13T20:29:05","date_gmt":"2015-07-13T18:29:05","guid":{"rendered":"http:\/\/ms-frauenfeld.ac.at\/wordpress\/?page_id=901"},"modified":"2017-07-20T09:42:39","modified_gmt":"2017-07-20T07:42:39","slug":"berfuswahl-tests","status":"publish","type":"page","link":"https:\/\/ms-frauenfeld.ac.at\/wordpress\/angebote\/soziales\/schuelerberatung\/berfuswahl-tests\/","title":{"rendered":"Informationen und Tests zur Berufswahl"},"content":{"rendered":"<h3>Informationen und Tests zur Berufswahl<\/h3>\n<table width=\"663\">\n<tbody>\n<tr>\n<td>\n<table width=\"650\">\n<tbody>\n<tr>\n<td colspan=\"2\"><a href=\"http:\/\/www.bic.at\" target=\"_blank\" rel=\"noopener\">http:\/\/www.bic.at<\/a><\/td>\n<\/tr>\n<tr>\n<td width=\"346\">\u00a0<a href=\"http:\/\/ms-frauenfeld.ac.at\/wordpress\/wp-content\/uploads\/2015\/07\/bic-bild.jpg\"><img decoding=\"async\" loading=\"lazy\" class=\"aligncenter wp-image-902 size-medium\" src=\"http:\/\/ms-frauenfeld.ac.at\/wordpress\/wp-content\/uploads\/2015\/07\/bic-bild-300x238.jpg\" alt=\"bic-bild\" width=\"300\" height=\"238\" srcset=\"https:\/\/ms-frauenfeld.ac.at\/wordpress\/wp-content\/uploads\/2015\/07\/bic-bild-300x238.jpg 300w, https:\/\/ms-frauenfeld.ac.at\/wordpress\/wp-content\/uploads\/2015\/07\/bic-bild.jpg 331w\" sizes=\"(max-width: 300px) 100vw, 300px\" \/><\/a><\/td>\n<td width=\"328\">Im BIC sind Informationen zu \u00fcber 1500 Berufen gespeichert. Zur ersten Orientierung empfiehlt sich der Men\u00fcpunkt <a href=\"http:\/\/www.bic.at\/bic_profil_intro.php\" target=\"_blank\" rel=\"noopener\"> Interessenprofil<\/a>: Finde heraus, welche Berufsgruppen und Berufe dich besonders interessieren.<\/td>\n<\/tr>\n<tr>\n<td colspan=\"2\"><a href=\"http:\/\/www.interesse-beruf.de\" target=\"_blank\" rel=\"noopener\">http:\/\/www.interesse-beruf.de<\/a><\/td>\n<\/tr>\n<tr>\n<td width=\"346\">\u00a0<a href=\"http:\/\/ms-frauenfeld.ac.at\/wordpress\/wp-content\/uploads\/2015\/07\/interesse-bild.jpg\"><img decoding=\"async\" loading=\"lazy\" class=\"aligncenter wp-image-903 size-medium\" src=\"http:\/\/ms-frauenfeld.ac.at\/wordpress\/wp-content\/uploads\/2015\/07\/interesse-bild-300x241.jpg\" alt=\"interesse-bild\" width=\"300\" height=\"241\" srcset=\"https:\/\/ms-frauenfeld.ac.at\/wordpress\/wp-content\/uploads\/2015\/07\/interesse-bild-300x241.jpg 300w, https:\/\/ms-frauenfeld.ac.at\/wordpress\/wp-content\/uploads\/2015\/07\/interesse-bild.jpg 338w\" sizes=\"(max-width: 300px) 100vw, 300px\" \/><\/a><\/td>\n<td width=\"328\"><strong><br \/>\nMit INTERESSE:BERUF erstellst du mit wenig Zeitaufwand eine Liste mit Ausbildungsberufen, die zu deinen Interessen passen!<\/strong><strong> INTERESSE:BERUF wurde f\u00fcr Haupt- und Realsch\u00fcler\/-innen entwickelt, lohnt sich aber auch f\u00fcr alle anderen, die nach einem passenden Ausbildungsberuf suchen.<\/strong>Es geht ganz einfach:<br \/>\n1. W\u00e4hle unter 41 beruflichen Interessen deine Favoriten aus.<br \/>\n2. Der Computer berechnet dann deine pers\u00f6nliche Liste mit passenden Berufen.<br \/>\n3. Rufe\u00a0 Informationen zu den Berufen in deiner pers\u00f6nlichen Berufeliste ab und drucke\u00a0 die Berufeliste aus.<\/td>\n<\/tr>\n<tr>\n<td colspan=\"2\"><a href=\"http:\/\/www.berufskompass.at\" target=\"_blank\" rel=\"noopener\">http:\/\/www.berufskompass.at<\/a><\/td>\n<\/tr>\n<tr>\n<td width=\"346\">\u00a0<a href=\"http:\/\/ms-frauenfeld.ac.at\/wordpress\/wp-content\/uploads\/2015\/07\/berufskompass-bild.jpg\"><img decoding=\"async\" loading=\"lazy\" class=\"aligncenter wp-image-904 size-medium\" src=\"http:\/\/ms-frauenfeld.ac.at\/wordpress\/wp-content\/uploads\/2015\/07\/berufskompass-bild-300x240.jpg\" alt=\"berufskompass-bild\" width=\"300\" height=\"240\" srcset=\"https:\/\/ms-frauenfeld.ac.at\/wordpress\/wp-content\/uploads\/2015\/07\/berufskompass-bild-300x240.jpg 300w, https:\/\/ms-frauenfeld.ac.at\/wordpress\/wp-content\/uploads\/2015\/07\/berufskompass-bild.jpg 346w\" sizes=\"(max-width: 300px) 100vw, 300px\" \/><\/a><\/td>\n<td width=\"328\"><strong> Berufliche Orientierung?<\/strong><br \/>\nDer Berufskompass ist die Orientierungshilfe f\u00fcr die Berufswahl.In zirka 15 Minuten beantwortest du 83 Fragen, welche f\u00fcr die Berufswahl wichtige personen- und arbeitsplatzbezogene Merkmale erfassen. Nach dem Ausf\u00fcllen des Fragebogens erh\u00e4ltst du eine Auswertung \u00fcber dein <strong> pers\u00f6nliches Ergebnis<\/strong> und eine <strong> Liste passender Berufsvorschl\u00e4ge<\/strong> aus 700 gespeicherten Berufsbildern.<\/td>\n<\/tr>\n<tr>\n<td colspan=\"2\"><a href=\"http:\/\/www.lehrstelleninfo.at\" target=\"_blank\" rel=\"noopener\">http:\/\/www.lehrstelleninfo.at<\/a><\/td>\n<\/tr>\n<tr>\n<td width=\"346\">\u00a0<a href=\"http:\/\/ms-frauenfeld.ac.at\/wordpress\/wp-content\/uploads\/2015\/07\/lehrstelleninfo.jpg\"><img decoding=\"async\" loading=\"lazy\" class=\"alignnone wp-image-905 size-full\" src=\"http:\/\/ms-frauenfeld.ac.at\/wordpress\/wp-content\/uploads\/2015\/07\/lehrstelleninfo.jpg\" alt=\"lehrstelleninfo\" width=\"300\" height=\"188\" \/><\/a><\/td>\n<td width=\"328\"><strong> F\u00fcr Jobsuchende<\/strong><\/td>\n<\/tr>\n<tr>\n<td colspan=\"2\"><a href=\"http:\/\/job-butler.com\/de\" target=\"_blank\" rel=\"noopener\">http:\/\/job-butler.com\/de<\/a><\/td>\n<\/tr>\n<tr>\n<td width=\"346\">\u00a0<a href=\"http:\/\/ms-frauenfeld.ac.at\/wordpress\/wp-content\/uploads\/2015\/07\/jobbutler.jpg\"><img decoding=\"async\" loading=\"lazy\" class=\"alignnone size-full wp-image-906\" src=\"http:\/\/ms-frauenfeld.ac.at\/wordpress\/wp-content\/uploads\/2015\/07\/jobbutler.jpg\" alt=\"jobbutler\" width=\"300\" height=\"188\" \/><\/a><\/td>\n<td width=\"328\"><strong> F\u00fcr Jobsuchende<\/strong><\/td>\n<\/tr>\n<tr>\n<td colspan=\"2\"><a href=\"http:\/\/www.jobecke.at\" target=\"_blank\" rel=\"noopener\">http:\/\/www.jobecke.at<\/a><\/td>\n<\/tr>\n<tr>\n<td width=\"346\">\u00a0<a href=\"http:\/\/ms-frauenfeld.ac.at\/wordpress\/wp-content\/uploads\/2015\/07\/jobecke.jpg\"><img decoding=\"async\" loading=\"lazy\" class=\"alignnone size-full wp-image-907\" src=\"http:\/\/ms-frauenfeld.ac.at\/wordpress\/wp-content\/uploads\/2015\/07\/jobecke.jpg\" alt=\"jobecke\" width=\"300\" height=\"188\" \/><\/a><\/td>\n<td width=\"328\"><strong> F\u00fcr Jobsuchende<\/strong><\/td>\n<\/tr>\n<\/tbody>\n<\/table>\n<\/td>\n<\/tr>\n<tr>\n<td><\/td>\n<\/tr>\n<\/tbody>\n<\/table>\n<p><span style=\"text-decoration: underline; background-color: #ffff99;\"><strong>LINKS &#8211; Sch\u00fclerberatung<\/strong><\/span><\/p>\n<table>\n<tbody>\n<tr>\n<td><a href=\"http:\/\/ms-frauenfeld.ac.at\/wordpress\/angebote\/soziales\/schuelerberatung\/aktuell\/\"><strong>Information 1 weiterf\u00fchrende Schulen<\/strong><\/a><\/td>\n<td><strong>\u00a0<a href=\"http:\/\/ms-frauenfeld.ac.at\/wordpress\/angebote\/soziales\/schuelerberatung\/aufgaben\/\">Aufgaben der Sch\u00fclerberatung<\/a><\/strong><\/td>\n<td><strong>\u00a0<a href=\"http:\/\/ms-frauenfeld.ac.at\/wordpress\/angebote\/soziales\/schuelerberatung\/schuelerberaterin\/\">Sch\u00fclerberaterin<\/a><\/strong><\/td>\n<td><strong>\u00a0<a href=\"http:\/\/ms-frauenfeld.ac.at\/wordpress\/angebote\/soziales\/schuelerberatung\/termine\/\" target=\"_blank\" rel=\"noopener\">Sprechstunde\/<\/a><br \/>\n<a href=\"http:\/\/ms-frauenfeld.ac.at\/wordpress\/angebote\/soziales\/schuelerberatung\/termine\/\">Sch\u00fclerberaterin<\/a><\/strong><\/td>\n<\/tr>\n<tr>\n<td><a href=\"http:\/\/ms-frauenfeld.ac.at\/wordpress\/angebote\/soziales\/schuelerberatung\/information\/\"><strong>Information 2 weiterf\u00fchrende Schulen<\/strong><\/a><\/td>\n<td><strong>Informationen und <\/strong><br \/>\n<strong>Tests zur Berufswahl<\/strong><\/td>\n<td><strong><a href=\"http:\/\/ms-frauenfeld.ac.at\/wordpress\/angebote\/soziales\/schuelerberatung\/berufspr-tage\/\">Berufspraktische Tage<\/a><\/strong><\/td>\n<td><strong><a href=\"http:\/\/ms-frauenfeld.ac.at\/wordpress\/angebote\/soziales\/schuelerberatung\/hilfen\/\">Schulische und au\u00dferschulische Hilfen<\/a><\/strong><\/td>\n<\/tr>\n<tr>\n<td><strong><a href=\"http:\/\/ms-frauenfeld.ac.at\/wordpress\/angebote\/soziales\/schuelerberatung\/links\/\">Links<\/a><\/strong><\/td>\n<td><strong><a href=\"http:\/\/ms-frauenfeld.ac.at\/wordpress\/wp-content\/uploads\/2015\/07\/elternbrief_anmeldung.pdf\">Aufnahmeverfahren in die 9. Schulstufe (nach der NMS)-2011\/12<\/a><\/strong><\/td>\n<td><strong>\u00a0<\/strong><\/td>\n<td><strong>\u00a0<\/strong><\/td>\n<\/tr>\n<\/tbody>\n<\/table>\n<p>&nbsp;<\/p>\n","protected":false},"excerpt":{"rendered":"<p>Informationen und Tests zur Berufswahl http:\/\/www.bic.at \u00a0 Im BIC sind Informationen zu \u00fcber 1500 Berufen gespeichert. Zur ersten Orientierung empfiehlt sich der Men\u00fcpunkt Interessenprofil: Finde heraus, welche Berufsgruppen und Berufe\u2026<\/p>\n<p class=\"continue-reading-button\"> <a class=\"continue-reading-link\" href=\"https:\/\/ms-frauenfeld.ac.at\/wordpress\/angebote\/soziales\/schuelerberatung\/berfuswahl-tests\/\">Lesen Sie mehr&#8230;<i class=\"crycon-right-dir\"><\/i><\/a><\/p>\n","protected":false},"author":2,"featured_media":0,"parent":674,"menu_order":0,"comment_status":"closed","ping_status":"closed","template":"","meta":{"footnotes":""},"_links":{"self":[{"href":"https:\/\/ms-frauenfeld.ac.at\/wordpress\/wp-json\/wp\/v2\/pages\/901"}],"collection":[{"href":"https:\/\/ms-frauenfeld.ac.at\/wordpress\/wp-json\/wp\/v2\/pages"}],"about":[{"href":"https:\/\/ms-frauenfeld.ac.at\/wordpress\/wp-json\/wp\/v2\/types\/page"}],"author":[{"embeddable":true,"href":"https:\/\/ms-frauenfeld.ac.at\/wordpress\/wp-json\/wp\/v2\/users\/2"}],"replies":[{"embeddable":true,"href":"https:\/\/ms-frauenfeld.ac.at\/wordpress\/wp-json\/wp\/v2\/comments?post=901"}],"version-history":[{"count":0,"href":"https:\/\/ms-frauenfeld.ac.at\/wordpress\/wp-json\/wp\/v2\/pages\/901\/revisions"}],"up":[{"embeddable":true,"href":"https:\/\/ms-frauenfeld.ac.at\/wordpress\/wp-json\/wp\/v2\/pages\/674"}],"wp:attachment":[{"href":"https:\/\/ms-frauenfeld.ac.at\/wordpress\/wp-json\/wp\/v2\/media?parent=901"}],"curies":[{"name":"wp","href":"https:\/\/api.w.org\/{rel}","templated":true}]}}