{"id":90729,"date":"2017-12-12T20:05:36","date_gmt":"2017-12-12T19:05:36","guid":{"rendered":"http:\/\/ms-frauenfeld.ac.at\/wordpress\/?page_id=90729"},"modified":"2021-04-25T06:22:35","modified_gmt":"2021-04-25T04:22:35","slug":"tablet-laptopklasse","status":"publish","type":"page","link":"https:\/\/ms-frauenfeld.ac.at\/wordpress\/angebote\/eeducation\/tablet-laptopklasse\/","title":{"rendered":"Tablet\/Laptopklasse"},"content":{"rendered":"<p>Sch\u00fcler f\u00fcr die digitale Welt vorzubereiten \u2013 dieses Ziel hat sich die NN\u00f6MS Schwechat-Frauenfeld gesetzt und startet ab dem Schuljahr 2017\/18 mit einer ersten Klasse ein neues, zukunftsweisendes Projekt: Die Tabletklasse!<\/p>\n<p><a href=\"http:\/\/ms-frauenfeld.ac.at\/wordpress\/die-nms-startet-mit-der-tabletklasse\/\" target=\"_blank\" rel=\"noopener noreferrer\">siehe Bericht der NN\u00f6MS Schwechat-Frauenfeld&#8230;<\/a><\/p>\n<p>Die Eltern der Volksschulen k\u00f6nnen bereits bei der Schulanmeldung angeben, ob sie ihr Kind in die Tabletklasse oder in eine Regelklasse geben wollen.<\/p>\n<p>Alle Sch\u00fclerinnen und Sch\u00fcler dieser Klasse besitzen ein Tablet, dieses wird in m\u00f6glichst vielen F\u00e4chern im Unterricht eingesetzt: Es gibt\u00a0 z.B.\u00a0 digitale Schulb\u00fccher auf dem Tablet, Learning Apps, Online-Aufgaben, Internetrecherche usw.<\/p>\n<p>Geplant ist ein aufbauendes Konzept, bei dem in Zukunft im Idealfall m\u00f6glichst alle Sch\u00fclerinnen und Sch\u00fcler der NN\u00f6MS Schwechat-Frauenfeld mit entsprechenden Ger\u00e4ten ausgestattet sind. <a href=\"http:\/\/ms-frauenfeld.ac.at\/wordpress\/die-nms-startet-mit-der-tabletklasse\/\" target=\"_blank\" rel=\"noopener noreferrer\">siehe Bericht der NN\u00f6MS Schwechat-Frauenfeld&#8230;<\/a><\/p>\n<p>Auch im\u00a0 Schuljahr 2021\/22 gibt es die M\u00f6glichkeit, sich f\u00fcr eine Tabletklasse anzumelden!<\/p>\n<table style=\"width: 100%;\">\n<tbody>\n<tr>\n<td style=\"background-color: #c7c7c7; width: 99.881%; text-align: left;\" colspan=\"2\"><\/td>\n<\/tr>\n<tr>\n<td style=\"width: 23.4524%;\"><img decoding=\"async\" loading=\"lazy\" src=\"http:\/\/ms-frauenfeld.ac.at\/wordpress\/wp-content\/uploads\/2017\/01\/Chromebook_Foto.jpg\" width=\"284\" height=\"189\" \/><\/p>\n<p>&nbsp;<\/td>\n<td style=\"width: 76.4286%;\">(noch in diesem Schuljahr (24.6.2019) wird ein eigener Elternabend f\u00fcr die Volksschulklassen angeboten, bei dem die Details besprochen werden).<br \/>\nDie Schule ist mit WLAN ausgestattet!Hinweise:<br \/>\n<span style=\"background-color: #99ccff;\">Google Play Store Chromebooks &#8211; <a style=\"background-color: #99ccff;\" href=\"https:\/\/sites.google.com\/a\/chromium.org\/dev\/chromium-os\/chrome-os-systems-supporting-android-apps\" target=\"_blank\" rel=\"noopener noreferrer\">Link<\/a><\/span><br \/>\n<span style=\"background-color: #99ccff;\">Chromebooks &#8211; Supportende &#8211; <a style=\"background-color: #99ccff;\" href=\"https:\/\/support.google.com\/chrome\/a\/answer\/6220366?hl=en\" target=\"_blank\" rel=\"noopener noreferrer\">Link<\/a><\/span><\/td>\n<\/tr>\n<tr>\n<td style=\"width: 23.4524%;\"><span style=\"font-family: 'Droid Sans';\">Verwendete Ger\u00e4te:<\/span><\/td>\n<td style=\"width: 76.4286%;\">\n<ul>\n<li><span style=\"font-family: 'Droid Sans';\">\u00a02017\/18:<br \/>\nAcer <\/span><span style=\"font-family: 'Droid Sans';\">Chromebook R 11 (CB5-132T) mit Touchscreen (360\u00b0 drehbar)<br \/>\n<\/span><\/li>\n<li>2018\/19:<br \/>\n<span style=\"font-family: 'Droid Sans';\">Acer <\/span><span style=\"font-family: 'Droid Sans';\"><span style=\"font-family: 'Droid Sans';\">Chromebook R 11 (CB5-132T) mit Touchscreen (360\u00b0 drehbar)<br \/>\nAcer Chromebook Spin 11 (R751T) mit Touchscreen (360\u00b0 drehbar)<\/span><\/span><\/li>\n<li>2019\/20:<br \/>\nAcer Chromebook Spin 11 (R752TN)<span style=\"font-family: 'Droid Sans';\"> mit Touchscreen (360\u00b0 drehbar)<br \/>\nAcer Chromebook 11 (C732T) mit Touchscreen (180\u00b0 drehbar)<\/span><\/li>\n<li>2020\/21:<br \/>\nAcer Chromebook Spin 11 (R752TN)<span style=\"font-family: 'Droid Sans';\"> mit Touchscreen (360\u00b0 drehbar)<br \/>\nAcer Chromebook 11 (C732T) mit Touchscreen (180\u00b0 drehbar)<\/span><br \/>\n&#8212; freie Wahl (jedoch: Play Store \/ Supportende beachten!!!!)<\/li>\n<\/ul>\n<\/td>\n<\/tr>\n<\/tbody>\n<\/table>\n<p>&nbsp;<\/p>\n","protected":false},"excerpt":{"rendered":"<p>Sch\u00fcler f\u00fcr die digitale Welt vorzubereiten \u2013 dieses Ziel hat sich die NN\u00f6MS Schwechat-Frauenfeld gesetzt und startet ab dem Schuljahr 2017\/18 mit einer ersten Klasse ein neues, zukunftsweisendes Projekt: Die\u2026<\/p>\n<p class=\"continue-reading-button\"> <a class=\"continue-reading-link\" href=\"https:\/\/ms-frauenfeld.ac.at\/wordpress\/angebote\/eeducation\/tablet-laptopklasse\/\">Lesen Sie mehr&#8230;<i class=\"crycon-right-dir\"><\/i><\/a><\/p>\n","protected":false},"author":2,"featured_media":0,"parent":90718,"menu_order":0,"comment_status":"closed","ping_status":"closed","template":"","meta":{"footnotes":""},"_links":{"self":[{"href":"https:\/\/ms-frauenfeld.ac.at\/wordpress\/wp-json\/wp\/v2\/pages\/90729"}],"collection":[{"href":"https:\/\/ms-frauenfeld.ac.at\/wordpress\/wp-json\/wp\/v2\/pages"}],"about":[{"href":"https:\/\/ms-frauenfeld.ac.at\/wordpress\/wp-json\/wp\/v2\/types\/page"}],"author":[{"embeddable":true,"href":"https:\/\/ms-frauenfeld.ac.at\/wordpress\/wp-json\/wp\/v2\/users\/2"}],"replies":[{"embeddable":true,"href":"https:\/\/ms-frauenfeld.ac.at\/wordpress\/wp-json\/wp\/v2\/comments?post=90729"}],"version-history":[{"count":0,"href":"https:\/\/ms-frauenfeld.ac.at\/wordpress\/wp-json\/wp\/v2\/pages\/90729\/revisions"}],"up":[{"embeddable":true,"href":"https:\/\/ms-frauenfeld.ac.at\/wordpress\/wp-json\/wp\/v2\/pages\/90718"}],"wp:attachment":[{"href":"https:\/\/ms-frauenfeld.ac.at\/wordpress\/wp-json\/wp\/v2\/media?parent=90729"}],"curies":[{"name":"wp","href":"https:\/\/api.w.org\/{rel}","templated":true}]}}