{"id":90837,"date":"2017-12-19T18:39:22","date_gmt":"2017-12-19T17:39:22","guid":{"rendered":"http:\/\/ms-frauenfeld.ac.at\/wordpress\/?page_id=90837"},"modified":"2018-01-09T12:19:21","modified_gmt":"2018-01-09T11:19:21","slug":"smartboardklassen","status":"publish","type":"page","link":"https:\/\/ms-frauenfeld.ac.at\/wordpress\/smartboardklassen\/","title":{"rendered":"Smartboardklassen"},"content":{"rendered":"<p><span style=\"font-size: 12pt;\">Damit alle Sch\u00fclerinnen und Sch\u00fcler der NN\u00f6MS Schwechat-Frauenfeld die Interaktivit\u00e4t des Smartboards in ihrer Schullaufbahn n\u00fctzen k\u00f6nnen, sind alle Klassenr\u00e4ume der 7. Schulstufe (3. Klassen) mit Smartboards ausgestattet!<\/span><\/p>\n<p><span style=\"font-size: 12pt;\">Solche Ger\u00e4te befinden sich auch noch in der 1a, im Musikzimmer und im EDV-Raum.<\/span><\/p>\n<p><a href=\"http:\/\/ms-frauenfeld.ac.at\/wordpress\/wp-content\/uploads\/2017\/12\/smart-board-1523538_1280.jpg\"><img decoding=\"async\" loading=\"lazy\" class=\"aligncenter wp-image-90845 size-large\" src=\"http:\/\/ms-frauenfeld.ac.at\/wordpress\/wp-content\/uploads\/2017\/12\/smart-board-1523538_1280-644x287.jpg\" alt=\"\" width=\"644\" height=\"287\" srcset=\"https:\/\/ms-frauenfeld.ac.at\/wordpress\/wp-content\/uploads\/2017\/12\/smart-board-1523538_1280-644x287.jpg 644w, https:\/\/ms-frauenfeld.ac.at\/wordpress\/wp-content\/uploads\/2017\/12\/smart-board-1523538_1280-300x134.jpg 300w, https:\/\/ms-frauenfeld.ac.at\/wordpress\/wp-content\/uploads\/2017\/12\/smart-board-1523538_1280-768x342.jpg 768w, https:\/\/ms-frauenfeld.ac.at\/wordpress\/wp-content\/uploads\/2017\/12\/smart-board-1523538_1280-150x67.jpg 150w, https:\/\/ms-frauenfeld.ac.at\/wordpress\/wp-content\/uploads\/2017\/12\/smart-board-1523538_1280.jpg 1024w\" sizes=\"(max-width: 644px) 100vw, 644px\" \/><\/a><\/p>\n<p><span style=\"font-size: 12pt;\">Das Smartboard im Unterricht!<br \/>\n<\/span><\/p>\n<p><strong><span style=\"font-size: 14pt;\">1. Zu jeder Unterrichtssekunde unproblematischer Internetzugriff \u00fcber die Tafel<\/span><\/strong><\/p>\n<p><span style=\"font-size: 12pt;\">&#8230;Zu jedem beliebigen Thema auf Knopfdruck ein Foto, ein Schaubild. &#8230;<\/span><\/p>\n<ul>\n<li>Wir sprechen \u00fcber die Klagemauer &#8211; und schon erscheint sie.<\/li>\n<li>Wir erw\u00e4hnen die Feldz\u00fcge der Hunnen &#8211; und betrachten mit Google Maps das passende Satellitenbild.<\/li>\n<\/ul>\n<p><strong><span style=\"font-size: 14pt;\">2. Audios\/Videos bei Bedarf einfach abspielen<\/span><\/strong><\/p>\n<p><span style=\"font-size: 12pt;\">Es k\u00f6nnen kurze Audio-\/Videoausschnitte von USB-Stick, DVD o.\u00e4. mit minimalem Aufwand abgespielt werden.<\/span><\/p>\n<p><strong><span style=\"font-size: 14pt;\">3. Motivation und Spielfreude<\/span><\/strong><\/p>\n<p><span style=\"font-size: 12pt;\">Die Kinder haben gro\u00dfen Spa\u00df daran, interaktiv und spielerisch mit dem Board zu arbeiten.<\/span><\/p>\n<p><strong><span style=\"font-size: 14pt;\">4. Das Ende der Medienschlachten<\/span><\/strong><\/p>\n<p><span style=\"font-size: 12pt;\">Zum Projizieren, Sammeln, Ordnen, Pr\u00e4sentieren haben wir einige vorbereitete Dateien auf dem USB-Stick, fertig!<\/span><\/p>\n<p><strong><span style=\"font-size: 14pt;\">5. Sch\u00fclerInnen lernen endlich, richtig zu pr\u00e4sentieren<\/span><\/strong><\/p>\n<p><span style=\"font-size: 12pt;\">Gruppenarbeitsergebnisse und Referate werden mit dem Stift am Whiteboard, es gleichsam als Flipchart nutzend, entwickelt. Freies Sprechen, gezielter Medieneinsatz (z.B. Aufrufen von Webseiten), &#8230;<\/span><\/p>\n<p>(<a href=\"https:\/\/www.lehrerfreund.de\/schule\/1s\/interaktive-whiteboards-praxis\/3210\" target=\"_blank\" rel=\"noopener\">lehrerfreunde.de<\/a>)<\/p>\n<p><a href=\"http:\/\/ms-frauenfeld.ac.at\/wordpress\/wp-content\/uploads\/2017\/12\/interactive-307890_960_720.png\"><img decoding=\"async\" loading=\"lazy\" class=\"alignleft wp-image-90839 size-medium\" src=\"http:\/\/ms-frauenfeld.ac.at\/wordpress\/wp-content\/uploads\/2017\/12\/interactive-307890_960_720-300x278.png\" alt=\"\" width=\"300\" height=\"278\" srcset=\"https:\/\/ms-frauenfeld.ac.at\/wordpress\/wp-content\/uploads\/2017\/12\/interactive-307890_960_720-300x278.png 300w, https:\/\/ms-frauenfeld.ac.at\/wordpress\/wp-content\/uploads\/2017\/12\/interactive-307890_960_720-768x711.png 768w, https:\/\/ms-frauenfeld.ac.at\/wordpress\/wp-content\/uploads\/2017\/12\/interactive-307890_960_720-644x596.png 644w, https:\/\/ms-frauenfeld.ac.at\/wordpress\/wp-content\/uploads\/2017\/12\/interactive-307890_960_720-150x139.png 150w, https:\/\/ms-frauenfeld.ac.at\/wordpress\/wp-content\/uploads\/2017\/12\/interactive-307890_960_720.png 778w\" sizes=\"(max-width: 300px) 100vw, 300px\" \/><\/a><\/p>\n<p>&nbsp;<\/p>\n<p><span style=\"font-size: 12pt;\">Smartboard &#8211; Unterrichtsbeispiele2: <a href=\"http:\/\/exchange.smarttech.com\/index.html?lang=de_DE#tab=0\" target=\"_blank\" rel=\"noopener\">hier klicken&#8230;<\/a><\/span><\/p>\n","protected":false},"excerpt":{"rendered":"<p>Damit alle Sch\u00fclerinnen und Sch\u00fcler der NN\u00f6MS Schwechat-Frauenfeld die Interaktivit\u00e4t des Smartboards in ihrer Schullaufbahn n\u00fctzen k\u00f6nnen, sind alle Klassenr\u00e4ume der 7. Schulstufe (3. Klassen) mit Smartboards ausgestattet! Solche Ger\u00e4te\u2026<\/p>\n<p class=\"continue-reading-button\"> <a class=\"continue-reading-link\" href=\"https:\/\/ms-frauenfeld.ac.at\/wordpress\/smartboardklassen\/\">Lesen Sie mehr&#8230;<i class=\"crycon-right-dir\"><\/i><\/a><\/p>\n","protected":false},"author":2,"featured_media":0,"parent":0,"menu_order":0,"comment_status":"closed","ping_status":"closed","template":"","meta":{"footnotes":""},"_links":{"self":[{"href":"https:\/\/ms-frauenfeld.ac.at\/wordpress\/wp-json\/wp\/v2\/pages\/90837"}],"collection":[{"href":"https:\/\/ms-frauenfeld.ac.at\/wordpress\/wp-json\/wp\/v2\/pages"}],"about":[{"href":"https:\/\/ms-frauenfeld.ac.at\/wordpress\/wp-json\/wp\/v2\/types\/page"}],"author":[{"embeddable":true,"href":"https:\/\/ms-frauenfeld.ac.at\/wordpress\/wp-json\/wp\/v2\/users\/2"}],"replies":[{"embeddable":true,"href":"https:\/\/ms-frauenfeld.ac.at\/wordpress\/wp-json\/wp\/v2\/comments?post=90837"}],"version-history":[{"count":0,"href":"https:\/\/ms-frauenfeld.ac.at\/wordpress\/wp-json\/wp\/v2\/pages\/90837\/revisions"}],"wp:attachment":[{"href":"https:\/\/ms-frauenfeld.ac.at\/wordpress\/wp-json\/wp\/v2\/media?parent=90837"}],"curies":[{"name":"wp","href":"https:\/\/api.w.org\/{rel}","templated":true}]}}