{"id":91334,"date":"2018-04-24T16:56:01","date_gmt":"2018-04-24T14:56:01","guid":{"rendered":"http:\/\/ms-frauenfeld.ac.at\/wordpress\/?page_id=91334"},"modified":"2020-07-11T11:58:25","modified_gmt":"2020-07-11T09:58:25","slug":"english-olympics","status":"publish","type":"page","link":"https:\/\/ms-frauenfeld.ac.at\/wordpress\/angebote\/english-olympics\/","title":{"rendered":"English Olympics"},"content":{"rendered":"<h1 class=\"entry-title\"><span style=\"color: #ff0000;\">English Olympics 2019<\/span><\/h1>\n<table>\n<tbody>\n<tr>\n<td style=\"width: 528px;\">Milica Kojic, Christoph Lang, Stefan Grofics und Lukas Liu nahmen am 27.2.2019 in der NMS Mannersdorf mit gro\u00dfem Eifer und Einsatz an den English Olympics Bezirksausscheidungen Bruck\/Leitha teil. Wir gratulieren zum Zertifikat!<\/td>\n<td style=\"width: 214px;\"><a href=\"http:\/\/ms-frauenfeld.ac.at\/wordpress\/wp-content\/uploads\/2019\/02\/IMG-20190228-WA0000.jpg\"><img decoding=\"async\" loading=\"lazy\" class=\"alignleft wp-image-92475 size-large\" src=\"http:\/\/ms-frauenfeld.ac.at\/wordpress\/wp-content\/uploads\/2019\/02\/IMG-20190228-WA0000-644x362.jpg\" alt=\"\" width=\"644\" height=\"362\" srcset=\"https:\/\/ms-frauenfeld.ac.at\/wordpress\/wp-content\/uploads\/2019\/02\/IMG-20190228-WA0000-644x362.jpg 644w, https:\/\/ms-frauenfeld.ac.at\/wordpress\/wp-content\/uploads\/2019\/02\/IMG-20190228-WA0000-300x169.jpg 300w, https:\/\/ms-frauenfeld.ac.at\/wordpress\/wp-content\/uploads\/2019\/02\/IMG-20190228-WA0000-768x432.jpg 768w, https:\/\/ms-frauenfeld.ac.at\/wordpress\/wp-content\/uploads\/2019\/02\/IMG-20190228-WA0000-150x84.jpg 150w, https:\/\/ms-frauenfeld.ac.at\/wordpress\/wp-content\/uploads\/2019\/02\/IMG-20190228-WA0000.jpg 1024w\" sizes=\"(max-width: 644px) 100vw, 644px\" \/><\/a><\/td>\n<\/tr>\n<tr>\n<td style=\"width: 528px;\"><a href=\"http:\/\/ms-frauenfeld.ac.at\/wordpress\/wp-content\/uploads\/2019\/02\/IMG-20190228-WA0003.jpg\"><img decoding=\"async\" loading=\"lazy\" class=\"alignleft wp-image-92478 size-medium\" src=\"http:\/\/ms-frauenfeld.ac.at\/wordpress\/wp-content\/uploads\/2019\/02\/IMG-20190228-WA0003-300x169.jpg\" alt=\"\" width=\"300\" height=\"169\" srcset=\"https:\/\/ms-frauenfeld.ac.at\/wordpress\/wp-content\/uploads\/2019\/02\/IMG-20190228-WA0003-300x169.jpg 300w, https:\/\/ms-frauenfeld.ac.at\/wordpress\/wp-content\/uploads\/2019\/02\/IMG-20190228-WA0003-768x432.jpg 768w, https:\/\/ms-frauenfeld.ac.at\/wordpress\/wp-content\/uploads\/2019\/02\/IMG-20190228-WA0003-644x362.jpg 644w, https:\/\/ms-frauenfeld.ac.at\/wordpress\/wp-content\/uploads\/2019\/02\/IMG-20190228-WA0003-150x84.jpg 150w, https:\/\/ms-frauenfeld.ac.at\/wordpress\/wp-content\/uploads\/2019\/02\/IMG-20190228-WA0003.jpg 1024w\" sizes=\"(max-width: 300px) 100vw, 300px\" \/><\/a><\/td>\n<td style=\"width: 214px;\"><a href=\"http:\/\/ms-frauenfeld.ac.at\/wordpress\/wp-content\/uploads\/2019\/02\/IMG-20190228-WA0001.jpg\"><img decoding=\"async\" loading=\"lazy\" class=\"alignleft wp-image-92477 size-large\" src=\"http:\/\/ms-frauenfeld.ac.at\/wordpress\/wp-content\/uploads\/2019\/02\/IMG-20190228-WA0001-644x362.jpg\" alt=\"\" width=\"644\" height=\"362\" srcset=\"https:\/\/ms-frauenfeld.ac.at\/wordpress\/wp-content\/uploads\/2019\/02\/IMG-20190228-WA0001-644x362.jpg 644w, https:\/\/ms-frauenfeld.ac.at\/wordpress\/wp-content\/uploads\/2019\/02\/IMG-20190228-WA0001-300x169.jpg 300w, https:\/\/ms-frauenfeld.ac.at\/wordpress\/wp-content\/uploads\/2019\/02\/IMG-20190228-WA0001-768x432.jpg 768w, https:\/\/ms-frauenfeld.ac.at\/wordpress\/wp-content\/uploads\/2019\/02\/IMG-20190228-WA0001-150x84.jpg 150w, https:\/\/ms-frauenfeld.ac.at\/wordpress\/wp-content\/uploads\/2019\/02\/IMG-20190228-WA0001.jpg 1024w\" sizes=\"(max-width: 644px) 100vw, 644px\" \/><\/a><\/td>\n<\/tr>\n<\/tbody>\n<\/table>\n<p><span style=\"text-decoration: underline; font-size: 24pt; color: #ff0000;\"><strong>English Olympics 2018<\/strong><\/span><\/p>\n<p><span style=\"font-size: 12pt;\">Am 17. Februar 2018 fanden die &#8222;<span style=\"color: #800000; background-color: #ffff00;\"><strong><em>English\u00a0<\/em>Olympics 2018<\/strong><\/span>&#8220; des Landesschulrates f\u00fcr N\u00d6 in Kooperation mit der PH N\u00d6 an der NN\u00f6MS Schwechat-Frauenfeld statt!<\/span><\/p>\n<table>\n<tbody>\n<tr>\n<td><a href=\"http:\/\/ms-frauenfeld.ac.at\/wordpress\/wp-content\/uploads\/2018\/04\/e-olympics_2018_logo.jpg\"><img decoding=\"async\" loading=\"lazy\" class=\"alignleft wp-image-91259 size-full\" src=\"http:\/\/ms-frauenfeld.ac.at\/wordpress\/wp-content\/uploads\/2018\/04\/e-olympics_2018_logo.jpg\" alt=\"\" width=\"184\" height=\"82\" srcset=\"https:\/\/ms-frauenfeld.ac.at\/wordpress\/wp-content\/uploads\/2018\/04\/e-olympics_2018_logo.jpg 184w, https:\/\/ms-frauenfeld.ac.at\/wordpress\/wp-content\/uploads\/2018\/04\/e-olympics_2018_logo-150x67.jpg 150w\" sizes=\"(max-width: 184px) 100vw, 184px\" \/><\/a>Die Stationen des Bewerbes erforderten Sprachkompetenz in den Bereichen H\u00f6r- und Leseverst\u00e4ndnis sowie Allgemeinwissen, Wortschatz, logisches Denken, Kreativit\u00e4t und vor allem Teamf\u00e4higkeit. Aufgabenstellungen, Erkl\u00e4rungen und Gespr\u00e4che erfolgten ausschlie\u00dflich in englischer Sprache.<\/td>\n<td><\/td>\n<\/tr>\n<\/tbody>\n<\/table>\n<p><span style=\"font-size: 12pt;\">Leitung des Bewerbes: Landeskoordinatorin Frau BEd. Gabriele Erber<\/span><\/p>\n<table>\n<tbody>\n<tr>\n<td><a href=\"http:\/\/ms-frauenfeld.ac.at\/wordpress\/wp-content\/uploads\/2018\/04\/Certificate2018.jpeg\"><img decoding=\"async\" loading=\"lazy\" class=\"aligncenter wp-image-91339 size-large\" src=\"http:\/\/ms-frauenfeld.ac.at\/wordpress\/wp-content\/uploads\/2018\/04\/Certificate2018-644x884.jpeg\" alt=\"\" width=\"644\" height=\"884\" srcset=\"https:\/\/ms-frauenfeld.ac.at\/wordpress\/wp-content\/uploads\/2018\/04\/Certificate2018-644x884.jpeg 644w, https:\/\/ms-frauenfeld.ac.at\/wordpress\/wp-content\/uploads\/2018\/04\/Certificate2018-219x300.jpeg 219w, https:\/\/ms-frauenfeld.ac.at\/wordpress\/wp-content\/uploads\/2018\/04\/Certificate2018-109x150.jpeg 109w, https:\/\/ms-frauenfeld.ac.at\/wordpress\/wp-content\/uploads\/2018\/04\/Certificate2018.jpeg 746w\" sizes=\"(max-width: 644px) 100vw, 644px\" \/><\/a><\/p>\n<p>&nbsp;<\/td>\n<td><\/td>\n<\/tr>\n<\/tbody>\n<\/table>\n<p><span style=\"color: #993300; background-color: #ffff00;\"><a style=\"color: #993300; background-color: #ffff00;\" href=\"https:\/\/drive.google.com\/drive\/folders\/1ydb4I_OQCKubPc-X_zj1J_4kcguFgjCr\" target=\"_blank\" rel=\"noopener noreferrer\"><span style=\"font-size: 14pt; background-color: #ffff00;\">weitere Fotos: hier klicken&#8230;.<\/span><\/a><\/span><\/p>\n<table>\n<tbody>\n<tr>\n<td><a href=\"http:\/\/ms-frauenfeld.ac.at\/wordpress\/wp-content\/uploads\/2018\/04\/E_Plan_Neu.jpg\"><img decoding=\"async\" loading=\"lazy\" class=\"alignleft wp-image-91271 size-large\" src=\"http:\/\/ms-frauenfeld.ac.at\/wordpress\/wp-content\/uploads\/2018\/04\/E_Plan_Neu-644x436.jpg\" alt=\"\" width=\"644\" height=\"436\" srcset=\"https:\/\/ms-frauenfeld.ac.at\/wordpress\/wp-content\/uploads\/2018\/04\/E_Plan_Neu-644x436.jpg 644w, https:\/\/ms-frauenfeld.ac.at\/wordpress\/wp-content\/uploads\/2018\/04\/E_Plan_Neu-300x203.jpg 300w, https:\/\/ms-frauenfeld.ac.at\/wordpress\/wp-content\/uploads\/2018\/04\/E_Plan_Neu-768x520.jpg 768w, https:\/\/ms-frauenfeld.ac.at\/wordpress\/wp-content\/uploads\/2018\/04\/E_Plan_Neu-150x102.jpg 150w, https:\/\/ms-frauenfeld.ac.at\/wordpress\/wp-content\/uploads\/2018\/04\/E_Plan_Neu.jpg 1024w\" sizes=\"(max-width: 644px) 100vw, 644px\" \/><\/a><\/td>\n<\/tr>\n<\/tbody>\n<\/table>\n<p><a href=\"http:\/\/ms-frauenfeld.ac.at\/wordpress\/wp-content\/uploads\/2018\/04\/English_Olympics_2018_klein256_Certificate.jpg\"><img decoding=\"async\" loading=\"lazy\" class=\"wp-image-91260 size-medium aligncenter\" src=\"http:\/\/ms-frauenfeld.ac.at\/wordpress\/wp-content\/uploads\/2018\/04\/English_Olympics_2018_klein256_Certificate-300x149.jpg\" alt=\"\" width=\"300\" height=\"149\" srcset=\"https:\/\/ms-frauenfeld.ac.at\/wordpress\/wp-content\/uploads\/2018\/04\/English_Olympics_2018_klein256_Certificate-300x149.jpg 300w, https:\/\/ms-frauenfeld.ac.at\/wordpress\/wp-content\/uploads\/2018\/04\/English_Olympics_2018_klein256_Certificate-150x75.jpg 150w, https:\/\/ms-frauenfeld.ac.at\/wordpress\/wp-content\/uploads\/2018\/04\/English_Olympics_2018_klein256_Certificate.jpg 515w\" sizes=\"(max-width: 300px) 100vw, 300px\" \/><\/a><\/p>\n<p>&nbsp;<\/p>\n<hr \/>\n<p><span style=\"text-decoration: underline; font-size: 24pt; color: #ff0000;\"><strong>English Olympics 2017<\/strong><\/span><\/p>\n<p><a href=\"http:\/\/ms-frauenfeld.ac.at\/wordpress\/wp-content\/uploads\/2017\/03\/Englsich-Olympics.jpg\"><img decoding=\"async\" loading=\"lazy\" class=\"wp-image-89572 size-medium alignright\" src=\"http:\/\/ms-frauenfeld.ac.at\/wordpress\/wp-content\/uploads\/2017\/03\/Englsich-Olympics-300x122.jpg\" alt=\"\" width=\"300\" height=\"122\" srcset=\"https:\/\/ms-frauenfeld.ac.at\/wordpress\/wp-content\/uploads\/2017\/03\/Englsich-Olympics-300x122.jpg 300w, https:\/\/ms-frauenfeld.ac.at\/wordpress\/wp-content\/uploads\/2017\/03\/Englsich-Olympics-250x102.jpg 250w, https:\/\/ms-frauenfeld.ac.at\/wordpress\/wp-content\/uploads\/2017\/03\/Englsich-Olympics-150x61.jpg 150w, https:\/\/ms-frauenfeld.ac.at\/wordpress\/wp-content\/uploads\/2017\/03\/Englsich-Olympics.jpg 427w\" sizes=\"(max-width: 300px) 100vw, 300px\" \/><\/a><\/p>\n<p>Unter der Leitung von Englisch-Lehrerin und Klassenvorst\u00e4ndin Katharina Eder haben\u00a0Dominik Balko, Pascal Fr\u00fchwirth, Sarah Haiduk und Jessica Petrovic\u00a0am 8.3. bei den <span style=\"font-size: 14pt; background-color: #ffff00;\"><strong>English Olympics 2017\u00a0den 1. Platz<\/strong><\/span> f\u00fcr die NMS Schwechat-Frauenfeld geholt!<br \/>\n<a href=\"http:\/\/ms-frauenfeld.ac.at\/wordpress\/1-platz-bei-english-olympics-2017\/\" target=\"_blank\" rel=\"noopener noreferrer\">(siehe Beitrag &#8211; hier klicken&#8230;)<\/a><\/p>\n<p><a href=\"http:\/\/ms-frauenfeld.ac.at\/wordpress\/wp-content\/uploads\/2020\/07\/olymics.jpg\"><img decoding=\"async\" loading=\"lazy\" class=\"alignleft wp-image-94582 size-full\" src=\"http:\/\/ms-frauenfeld.ac.at\/wordpress\/wp-content\/uploads\/2020\/07\/olymics.jpg\" alt=\"\" width=\"215\" height=\"283\" srcset=\"https:\/\/ms-frauenfeld.ac.at\/wordpress\/wp-content\/uploads\/2020\/07\/olymics.jpg 215w, https:\/\/ms-frauenfeld.ac.at\/wordpress\/wp-content\/uploads\/2020\/07\/olymics-114x150.jpg 114w\" sizes=\"(max-width: 215px) 100vw, 215px\" \/><\/a><\/p>\n","protected":false},"excerpt":{"rendered":"<p>English Olympics 2019 Milica Kojic, Christoph Lang, Stefan Grofics und Lukas Liu nahmen am 27.2.2019 in der NMS Mannersdorf mit gro\u00dfem Eifer und Einsatz an den English Olympics Bezirksausscheidungen Bruck\/Leitha\u2026<\/p>\n<p class=\"continue-reading-button\"> <a class=\"continue-reading-link\" href=\"https:\/\/ms-frauenfeld.ac.at\/wordpress\/angebote\/english-olympics\/\">Lesen Sie mehr&#8230;<i class=\"crycon-right-dir\"><\/i><\/a><\/p>\n","protected":false},"author":2,"featured_media":0,"parent":659,"menu_order":0,"comment_status":"closed","ping_status":"closed","template":"","meta":{"footnotes":""},"_links":{"self":[{"href":"https:\/\/ms-frauenfeld.ac.at\/wordpress\/wp-json\/wp\/v2\/pages\/91334"}],"collection":[{"href":"https:\/\/ms-frauenfeld.ac.at\/wordpress\/wp-json\/wp\/v2\/pages"}],"about":[{"href":"https:\/\/ms-frauenfeld.ac.at\/wordpress\/wp-json\/wp\/v2\/types\/page"}],"author":[{"embeddable":true,"href":"https:\/\/ms-frauenfeld.ac.at\/wordpress\/wp-json\/wp\/v2\/users\/2"}],"replies":[{"embeddable":true,"href":"https:\/\/ms-frauenfeld.ac.at\/wordpress\/wp-json\/wp\/v2\/comments?post=91334"}],"version-history":[{"count":0,"href":"https:\/\/ms-frauenfeld.ac.at\/wordpress\/wp-json\/wp\/v2\/pages\/91334\/revisions"}],"up":[{"embeddable":true,"href":"https:\/\/ms-frauenfeld.ac.at\/wordpress\/wp-json\/wp\/v2\/pages\/659"}],"wp:attachment":[{"href":"https:\/\/ms-frauenfeld.ac.at\/wordpress\/wp-json\/wp\/v2\/media?parent=91334"}],"curies":[{"name":"wp","href":"https:\/\/api.w.org\/{rel}","templated":true}]}}