{"id":93130,"date":"2019-07-02T11:22:40","date_gmt":"2019-07-02T09:22:40","guid":{"rendered":"http:\/\/ms-frauenfeld.ac.at\/wordpress\/?page_id=93130"},"modified":"2020-07-21T08:29:45","modified_gmt":"2020-07-21T06:29:45","slug":"schoene-ferien-2","status":"publish","type":"page","link":"https:\/\/ms-frauenfeld.ac.at\/wordpress\/schoene-ferien-2\/","title":{"rendered":"Sch\u00f6ne Ferien!"},"content":{"rendered":"<table style=\"border-collapse: collapse; width: 100%;\">\n<tbody>\n<tr>\n<td style=\"width: 100%; background-color: #acdb60; text-align: center;\"><span style=\"font-size: 24pt;\"><strong>Das Team der NMS Schwechat-Frauenfeld<br \/>\nw\u00fcnscht<br \/>\nallen Sch\u00fclern und Eltern sch\u00f6ne Ferien!<\/strong><\/span><\/td>\n<\/tr>\n<tr>\n<td style=\"width: 100%; text-align: center; vertical-align: middle;\">Wir haben eine neue Homepageadresse: <span style=\"font-size: 12pt; background-color: #ff9900;\"><strong>www.ms-frauenfeld.ac.at<\/strong><\/span><\/td>\n<\/tr>\n<tr>\n<td style=\"width: 100%;\">\n<p><div id=\"attachment_93002\" style=\"width: 810px\" class=\"wp-caption alignleft\"><a href=\"http:\/\/ms-frauenfeld.ac.at\/wordpress\/wp-content\/uploads\/2019\/06\/bilder-tibs-at-24702.jpg\"><img aria-describedby=\"caption-attachment-93002\" decoding=\"async\" loading=\"lazy\" class=\"wp-image-93002\" src=\"http:\/\/ms-frauenfeld.ac.at\/wordpress\/wp-content\/uploads\/2019\/06\/bilder-tibs-at-24702.jpg\" alt=\"\" width=\"800\" height=\"503\" \/><\/a><p id=\"caption-attachment-93002\" class=\"wp-caption-text\">Quelle: Education Group GmbH (http:\/\/bilder.tibs.at\/node\/24702) Lizenz: CC BY-NC-SA 3.0 AT<\/p><\/div><\/td>\n<\/tr>\n<\/tbody>\n<\/table>\n","protected":false},"excerpt":{"rendered":"<p>Das Team der NMS Schwechat-Frauenfeld w\u00fcnscht allen Sch\u00fclern und Eltern sch\u00f6ne Ferien! Wir haben eine neue Homepageadresse: www.ms-frauenfeld.ac.at<\/p>\n<p class=\"continue-reading-button\"> <a class=\"continue-reading-link\" href=\"https:\/\/ms-frauenfeld.ac.at\/wordpress\/schoene-ferien-2\/\">Lesen Sie mehr&#8230;<i class=\"crycon-right-dir\"><\/i><\/a><\/p>\n","protected":false},"author":2,"featured_media":0,"parent":0,"menu_order":0,"comment_status":"closed","ping_status":"closed","template":"","meta":{"footnotes":""},"_links":{"self":[{"href":"https:\/\/ms-frauenfeld.ac.at\/wordpress\/wp-json\/wp\/v2\/pages\/93130"}],"collection":[{"href":"https:\/\/ms-frauenfeld.ac.at\/wordpress\/wp-json\/wp\/v2\/pages"}],"about":[{"href":"https:\/\/ms-frauenfeld.ac.at\/wordpress\/wp-json\/wp\/v2\/types\/page"}],"author":[{"embeddable":true,"href":"https:\/\/ms-frauenfeld.ac.at\/wordpress\/wp-json\/wp\/v2\/users\/2"}],"replies":[{"embeddable":true,"href":"https:\/\/ms-frauenfeld.ac.at\/wordpress\/wp-json\/wp\/v2\/comments?post=93130"}],"version-history":[{"count":0,"href":"https:\/\/ms-frauenfeld.ac.at\/wordpress\/wp-json\/wp\/v2\/pages\/93130\/revisions"}],"wp:attachment":[{"href":"https:\/\/ms-frauenfeld.ac.at\/wordpress\/wp-json\/wp\/v2\/media?parent=93130"}],"curies":[{"name":"wp","href":"https:\/\/api.w.org\/{rel}","templated":true}]}}