{"id":94410,"date":"2020-07-06T11:30:34","date_gmt":"2020-07-06T09:30:34","guid":{"rendered":"http:\/\/ms-frauenfeld.ac.at\/wordpress\/?page_id=94410"},"modified":"2020-07-29T08:48:30","modified_gmt":"2020-07-29T06:48:30","slug":"schoolfox","status":"publish","type":"page","link":"https:\/\/ms-frauenfeld.ac.at\/wordpress\/schoolfox\/","title":{"rendered":"Schoolfox"},"content":{"rendered":"<p>Auch an der NN\u00f6MS Schwechat-Frauenfeld wird an der Digitalen Schule intensiv gearbeitet.<br \/>\nDie zeigt sich auch durch die Anwendung der M\u00f6glichkeit, Informationen an die Eltern \u00fcber eine APP (Schoolfox)<br \/>\nweiterzugeben und so direkten Kontakt mit den Eltern aufzunehmen!<\/p>\n<p><span style=\"text-decoration: underline;\"><strong>ANLEITUNG &#8211; Step by Step:<\/strong><\/span><\/p>\n<table style=\"border-collapse: collapse; width: 100%; height: 574px;\">\n<tbody>\n<tr style=\"height: 24px;\">\n<td style=\"width: 2px; border-style: solid; border-color: #000000; height: 24px;\"><strong>Registrierung<\/strong><\/td>\n<td style=\"background-color: #e6dada; width: 2px; border-style: solid; border-color: #000000; height: 24px;\"><\/td>\n<td style=\"width: 2px; border-style: solid; border-color: #000000; height: 24px;\"><strong>Anmeldung<\/strong><\/td>\n<\/tr>\n<tr style=\"height: 24px;\">\n<td style=\"height: 24px; background-color: #b3f2e5; width: 2px; border-style: solid; border-color: #000000; text-align: center;\"><a href=\"http:\/\/ms-frauenfeld.ac.at\/wordpress\/wp-content\/uploads\/2020\/07\/1_Download-und-installieren.pdf\" target=\"_blank\" rel=\"noopener noreferrer\">Download und Installation<\/a><\/td>\n<td style=\"height: 24px; background-color: #e6dada; width: 2px; border-style: solid; border-color: #000000;\"><a href=\"http:\/\/ms-frauenfeld.ac.at\/wordpress\/wp-content\/uploads\/2020\/07\/schoolfox_logo.png\"><img decoding=\"async\" loading=\"lazy\" class=\"size-full wp-image-94429 aligncenter\" src=\"http:\/\/ms-frauenfeld.ac.at\/wordpress\/wp-content\/uploads\/2020\/07\/schoolfox_logo.png\" alt=\"\" width=\"150\" height=\"114\" \/><\/a><\/td>\n<td style=\"height: 24px; background-color: #b3f2e5; width: 2px; border-style: solid; border-color: #000000; text-align: center;\"><a href=\"http:\/\/ms-frauenfeld.ac.at\/wordpress\/wp-content\/uploads\/2020\/07\/3_Anmeldung-bei-Schoolfox_Handy.pdf\" target=\"_blank\" rel=\"noopener noreferrer\">Anmeldung per Handy<\/a><\/td>\n<\/tr>\n<tr style=\"height: 24px;\">\n<td style=\"height: 24px; background-color: #b3f2e5; width: 2px; border-style: solid; border-color: #000000; text-align: center;\"><a href=\"http:\/\/ms-frauenfeld.ac.at\/wordpress\/wp-content\/uploads\/2020\/07\/2_Registrierung.pdf\" target=\"_blank\" rel=\"noopener noreferrer\">Registrierung<\/a><\/td>\n<td style=\"height: 24px; background-color: #e6dada; width: 2px; border-style: solid; border-color: #000000;\"><a href=\"http:\/\/ms-frauenfeld.ac.at\/wordpress\/wp-content\/uploads\/2020\/07\/schoolfox_logo.png\"><img decoding=\"async\" loading=\"lazy\" class=\"size-full wp-image-94429 aligncenter\" src=\"http:\/\/ms-frauenfeld.ac.at\/wordpress\/wp-content\/uploads\/2020\/07\/schoolfox_logo.png\" alt=\"\" width=\"150\" height=\"114\" \/><\/a><\/td>\n<td style=\"height: 24px; background-color: #b3f2e5; width: 2px; border-style: solid; border-color: #000000; text-align: center;\"><a href=\"http:\/\/ms-frauenfeld.ac.at\/wordpress\/wp-content\/uploads\/2020\/07\/4_Anmeldung-bei-Schoolfox_PC.pdf\" target=\"_blank\" rel=\"noopener noreferrer\">Anmeldung per Computer<\/a><\/td>\n<\/tr>\n<tr style=\"background-color: #2b2020;\">\n<td style=\"width: 33.3333%; height: 10px;\"><\/td>\n<td style=\"width: 33.3333%; height: 10px;\"><\/td>\n<td style=\"width: 33.3333%; height: 10px;\"><\/td>\n<\/tr>\n<tr style=\"height: 24px;\">\n<td style=\"width: 33.3333%; height: 24px;\"><strong>Anleitung:<\/strong><\/td>\n<td style=\"width: 33.3333%; height: 24px;\"><\/td>\n<td style=\"width: 33.3333%; height: 24px;\"><\/td>\n<\/tr>\n<tr style=\"height: 48px;\">\n<td style=\"width: 33.3333%; background-color: #e6dada; height: 48px; text-align: center;\">1) <a href=\"http:\/\/ms-frauenfeld.ac.at\/wordpress\/wp-content\/uploads\/2020\/07\/1_Nachrichten-lesen-und-best\u00e4tigen.pdf\" target=\"_blank\" rel=\"noopener noreferrer\">Nachrichten lesen und best\u00e4tigen<\/a><\/td>\n<td style=\"width: 33.3333%; background-color: #e6dada; height: 48px; text-align: center;\">2) <a href=\"http:\/\/ms-frauenfeld.ac.at\/wordpress\/wp-content\/uploads\/2020\/07\/2_Auf-Nachrichten-antworten.pdf\" target=\"_blank\" rel=\"noopener noreferrer\">Auf Nachrichten Antworten<\/a><\/td>\n<td style=\"width: 33.3333%; background-color: #e6dada; height: 48px; text-align: center;\">3) <a href=\"http:\/\/ms-frauenfeld.ac.at\/wordpress\/wp-content\/uploads\/2020\/07\/3_Nachrichten-schreiben.pdf\" target=\"_blank\" rel=\"noopener noreferrer\">Nachrichten schreiben<\/a><\/td>\n<\/tr>\n<tr style=\"height: 48px;\">\n<td style=\"width: 33.3333%; background-color: #e6dada; height: 48px; text-align: center;\">4) <a href=\"http:\/\/ms-frauenfeld.ac.at\/wordpress\/wp-content\/uploads\/2020\/07\/4_Abwesenheit-der-Kinder-melden.pdf\" target=\"_blank\" rel=\"noopener noreferrer\">Abwesenheit der Kinder melden<\/a><\/td>\n<td style=\"width: 33.3333%; background-color: #e6dada; height: 48px; text-align: center;\">5) <a href=\"http:\/\/ms-frauenfeld.ac.at\/wordpress\/wp-content\/uploads\/2020\/07\/5_Nachricht-in-eine-andere-Sprache-\u00fcbersetzen-lassen.pdf\" target=\"_blank\" rel=\"noopener noreferrer\">Nachrichten in eine andere Sprache \u00fcbersetzen<\/a><\/td>\n<td style=\"width: 33.3333%; background-color: #e6dada; height: 48px; text-align: center;\">6) <a href=\"http:\/\/ms-frauenfeld.ac.at\/wordpress\/wp-content\/uploads\/2020\/07\/6_Schoolfox-in-Ihrer-Sprache.pdf\" target=\"_blank\" rel=\"noopener noreferrer\">Schoolfox in Ihrer Sprache<\/a><\/td>\n<\/tr>\n<tr style=\"height: 126px;\">\n<td style=\"width: 33.3333%; background-color: #e6dada; height: 126px; text-align: center;\">7) <a href=\"http:\/\/ms-frauenfeld.ac.at\/wordpress\/wp-content\/uploads\/2020\/07\/6_Schoolfox-in-Ihrer-Sprache.pdf\" target=\"_blank\" rel=\"noopener noreferrer\">Mehrere Kinder &#8211; Eine App<\/a><\/td>\n<td style=\"width: 33.3333%; background-color: #b3f2e5; height: 126px;\"><a href=\"http:\/\/ms-frauenfeld.ac.at\/wordpress\/wp-content\/uploads\/2020\/07\/schoolfox_logo.png\"><img decoding=\"async\" loading=\"lazy\" class=\"size-full wp-image-94429 aligncenter\" src=\"http:\/\/ms-frauenfeld.ac.at\/wordpress\/wp-content\/uploads\/2020\/07\/schoolfox_logo.png\" alt=\"\" width=\"150\" height=\"114\" \/><\/a><\/td>\n<td style=\"width: 33.3333%; background-color: #e6dada; height: 126px; text-align: center;\"><a href=\"http:\/\/www.nms-mannersdorf.at\/Home_files\/Schoolfox_Anleitung\/SchoolFox_Anleitung.htm\" target=\"_blank\" rel=\"noopener noreferrer\">Quelle: hier klicken&#8230;<\/a><\/td>\n<\/tr>\n<tr style=\"height: 24px;\">\n<td style=\"width: 33.3333%; background-color: #080101; height: 24px;\"><\/td>\n<td style=\"width: 33.3333%; background-color: #080101; height: 24px;\"><\/td>\n<td style=\"width: 33.3333%; background-color: #080101; height: 24px;\"><\/td>\n<\/tr>\n<tr style=\"height: 24px;\">\n<td style=\"width: 33.3333%; height: 24px;\"><strong>Probleme..<\/strong><\/td>\n<td style=\"width: 33.3333%; height: 24px;\"><\/td>\n<td style=\"width: 33.3333%; height: 24px;\"><\/td>\n<\/tr>\n<tr style=\"height: 48px;\">\n<td style=\"width: 33.3333%; background-color: #b3f2e5; height: 48px; text-align: center;\"><a href=\"http:\/\/ms-frauenfeld.ac.at\/wordpress\/wp-content\/uploads\/2020\/07\/8_Wichtige-Hinweise-BITTE-beachten.pdf\" target=\"_blank\" rel=\"noopener noreferrer\">Wichtige Hinweise<br \/>\nbitte beachten!<\/a><\/td>\n<td style=\"width: 33.3333%; background-color: #b3f2e5; height: 48px; text-align: center;\"><a href=\"http:\/\/ms-frauenfeld.ac.at\/wordpress\/wp-content\/uploads\/2020\/07\/5_Problem-Passwort-vergessen.pdf\" target=\"_blank\" rel=\"noopener noreferrer\">Passwort vergessen&#8230;<\/a><\/td>\n<td style=\"width: 33.3333%; background-color: #b3f2e5; height: 48px; text-align: center;\"><a href=\"http:\/\/ms-frauenfeld.ac.at\/wordpress\/wp-content\/uploads\/2020\/07\/9_Keine-PUSH-Benachrichtigung.pdf\" target=\"_blank\" rel=\"noopener noreferrer\">Keine<br \/>\nPUSH-Benachrichtigung<\/a><\/td>\n<\/tr>\n<tr style=\"height: 126px;\">\n<td style=\"width: 33.3333%; background-color: #b3f2e5; height: 126px; text-align: center;\"><a href=\"http:\/\/ms-frauenfeld.ac.at\/wordpress\/wp-content\/uploads\/2020\/07\/10_Schoolfox-und-neues-Smartphon.pdf\" target=\"_blank\" rel=\"noopener noreferrer\">Schoolfox<br \/>\nund neues Smartphone<\/a><\/td>\n<td style=\"width: 33.3333%; background-color: #e6dada; height: 126px;\"><a href=\"http:\/\/ms-frauenfeld.ac.at\/wordpress\/wp-content\/uploads\/2020\/07\/schoolfox_logo.png\"><img decoding=\"async\" loading=\"lazy\" class=\"size-full wp-image-94429 aligncenter\" src=\"http:\/\/ms-frauenfeld.ac.at\/wordpress\/wp-content\/uploads\/2020\/07\/schoolfox_logo.png\" alt=\"\" width=\"150\" height=\"114\" \/><\/a><\/td>\n<td style=\"width: 33.3333%; background-color: #b3f2e5; height: 126px; text-align: center;\"><a href=\"http:\/\/ms-frauenfeld.ac.at\/wordpress\/wp-content\/uploads\/2020\/07\/6_Problem-E-Mail-Best\u00e4tigung-nicht-gemacht.pdf\" target=\"_blank\" rel=\"noopener noreferrer\">E-Mail Best\u00e4tigung<br \/>\nnicht gemacht<\/a><\/td>\n<\/tr>\n<tr style=\"height: 24px;\">\n<td style=\"width: 33.3333%; height: 24px;\">Quellenangabe:<\/td>\n<td style=\"width: 33.3333%; height: 24px;\"><a href=\"http:\/\/www.nms-mannersdorf.at\/Home_files\/Schoolfox_Anleitung\/SchoolFox_Anleitung.htm\" target=\"_blank\" rel=\"noopener noreferrer\">Quelle 1: hier klicken&#8230;<\/a><\/td>\n<td style=\"width: 33.3333%; height: 24px;\"><a style=\"color: #d6341d;\" href=\"http:\/\/www.nms-mannersdorf.at\/Home_files\/Schoolfox_Anleitung\/SchoolFox_Anleitung_Verwendung.htm\" target=\"_blank\" rel=\"noopener noreferrer\">Quelle 2: hier klicken&#8230;<\/a><\/td>\n<\/tr>\n<\/tbody>\n<\/table>\n<p>&nbsp;<\/p>\n<table style=\"border-collapse: collapse; width: 100%;\">\n<tbody>\n<tr>\n<td style=\"width: 50%; background-color: #e6dada; border-color: #080101; border-style: solid;\">SCHOOLFOX-Anleitungen<\/td>\n<td style=\"width: 50%; background-color: #e6dada; border-color: #080101; border-style: solid;\">\n<ul>\n<li><a style=\"color: #d6341d;\" href=\"http:\/\/ms-frauenfeld.ac.at\/wordpress\/wp-content\/uploads\/2020\/07\/Schoolfox_Erstregistrierung_f_Eltern.pdf\" target=\"_blank\" rel=\"noopener noreferrer\">Eltern-Erstregistrierung<\/a><\/li>\n<\/ul>\n<\/td>\n<\/tr>\n<tr>\n<td style=\"width: 50%; background-color: #e6dada; border-color: #080101; border-style: solid;\">\u00a0(<a style=\"color: #d6341d;\" href=\"https:\/\/it.noeschule.at\/schoolfox\/\" target=\"_blank\" rel=\"noopener noreferrer\">Quelle: hier klicken<\/a>)<\/td>\n<td style=\"width: 50%; background-color: #e6dada; border-color: #080101; border-style: solid;\">\n<ul>\n<li><a style=\"color: #d6341d;\" href=\"http:\/\/ms-frauenfeld.ac.at\/wordpress\/wp-content\/uploads\/2020\/07\/Schoolfox_Kommunikation_aus_Elternsicht.pdf\" target=\"_blank\" rel=\"noopener noreferrer\">Elternsicht der Kommunikation<\/a><\/li>\n<\/ul>\n<\/td>\n<\/tr>\n<\/tbody>\n<\/table>\n<table style=\"border-collapse: collapse; width: 100%;\">\n<tbody>\n<tr>\n<td style=\"width: 100%;\">Hier ein Bericht der \u201eKleinen Zeitung\u201c \u00fcber diese App:<\/p>\n<p><a href=\"http:\/\/ms-frauenfeld.ac.at\/wordpress\/wp-content\/uploads\/2017\/09\/IMG-20170913-WA0000.jpg\"><img decoding=\"async\" loading=\"lazy\" class=\"alignleft wp-image-90248 size-full\" src=\"http:\/\/ms-frauenfeld.ac.at\/wordpress\/wp-content\/uploads\/2017\/09\/IMG-20170913-WA0000.jpg\" sizes=\"(max-width: 915px) 100vw, 915px\" srcset=\"http:\/\/ms-frauenfeld.ac.at\/wordpress\/wp-content\/uploads\/2017\/09\/IMG-20170913-WA0000.jpg 915w, http:\/\/ms-frauenfeld.ac.at\/wordpress\/wp-content\/uploads\/2017\/09\/IMG-20170913-WA0000-268x300.jpg 268w, http:\/\/ms-frauenfeld.ac.at\/wordpress\/wp-content\/uploads\/2017\/09\/IMG-20170913-WA0000-768x859.jpg 768w, http:\/\/ms-frauenfeld.ac.at\/wordpress\/wp-content\/uploads\/2017\/09\/IMG-20170913-WA0000-644x721.jpg 644w, http:\/\/ms-frauenfeld.ac.at\/wordpress\/wp-content\/uploads\/2017\/09\/IMG-20170913-WA0000-134x150.jpg 134w\" alt=\"\" width=\"915\" height=\"1024\" \/><\/a><\/p>\n<p><a href=\"https:\/\/de-de.facebook.com\/nmseibiswald\/\" target=\"_blank\" rel=\"noopener noreferrer\">Quellenangabe:\u00a0https:\/\/de-de.facebook.com\/nmseibiswald\/<br \/>\n<\/a><a href=\"https:\/\/schoolfox.com\/downloads\/\" target=\"_blank\" rel=\"noopener noreferrer\">https:\/\/schoolfox.com\/downloads\/<\/a><br \/>\nBericht: <a href=\"http:\/\/ms-frauenfeld.ac.at\/wordpress\/digitale-schule-app-ersetzt-mitteilungsheft\/\" target=\"_blank\" rel=\"noopener noreferrer\">http:\/\/ms-frauenfeld.ac.at\/wordpress\/digitale-schule-app-ersetzt-mitteilungsheft\/<\/a><\/td>\n<\/tr>\n<\/tbody>\n<\/table>\n","protected":false},"excerpt":{"rendered":"<p>Auch an der NN\u00f6MS Schwechat-Frauenfeld wird an der Digitalen Schule intensiv gearbeitet. Die zeigt sich auch durch die Anwendung der M\u00f6glichkeit, Informationen an die Eltern \u00fcber eine APP (Schoolfox) weiterzugeben\u2026<\/p>\n<p class=\"continue-reading-button\"> <a class=\"continue-reading-link\" href=\"https:\/\/ms-frauenfeld.ac.at\/wordpress\/schoolfox\/\">Lesen Sie mehr&#8230;<i class=\"crycon-right-dir\"><\/i><\/a><\/p>\n","protected":false},"author":2,"featured_media":0,"parent":0,"menu_order":0,"comment_status":"closed","ping_status":"closed","template":"","meta":{"footnotes":""},"_links":{"self":[{"href":"https:\/\/ms-frauenfeld.ac.at\/wordpress\/wp-json\/wp\/v2\/pages\/94410"}],"collection":[{"href":"https:\/\/ms-frauenfeld.ac.at\/wordpress\/wp-json\/wp\/v2\/pages"}],"about":[{"href":"https:\/\/ms-frauenfeld.ac.at\/wordpress\/wp-json\/wp\/v2\/types\/page"}],"author":[{"embeddable":true,"href":"https:\/\/ms-frauenfeld.ac.at\/wordpress\/wp-json\/wp\/v2\/users\/2"}],"replies":[{"embeddable":true,"href":"https:\/\/ms-frauenfeld.ac.at\/wordpress\/wp-json\/wp\/v2\/comments?post=94410"}],"version-history":[{"count":0,"href":"https:\/\/ms-frauenfeld.ac.at\/wordpress\/wp-json\/wp\/v2\/pages\/94410\/revisions"}],"wp:attachment":[{"href":"https:\/\/ms-frauenfeld.ac.at\/wordpress\/wp-json\/wp\/v2\/media?parent=94410"}],"curies":[{"name":"wp","href":"https:\/\/api.w.org\/{rel}","templated":true}]}}