{"id":94718,"date":"2020-08-18T19:08:26","date_gmt":"2020-08-18T17:08:26","guid":{"rendered":"http:\/\/ms-frauenfeld.ac.at\/wordpress\/?page_id=94718"},"modified":"2021-04-01T19:18:57","modified_gmt":"2021-04-01T17:18:57","slug":"volleyballturnier-im-gymnasium","status":"publish","type":"page","link":"https:\/\/ms-frauenfeld.ac.at\/wordpress\/volleyballturnier-im-gymnasium\/","title":{"rendered":"Volleyballturnier im Gymnasium"},"content":{"rendered":"<div class=\"entry-meta\"><span style=\"font-family: 'Droid Sans';\">Gro\u00dfer Wettkampf der Volleyballgruppen! Zusammen mit dem Gymnasium Schwechat, der NMS Gramatneusiedl und der NMS Hainburg trafen sich die Sch\u00fclerinnen und Sch\u00fcler der NN\u00f6MS Schwechat-Frauenfeld zu einem Turnier im Gymnasium Schwechat. Mit viel Einsatz konnten wir den 2. Platz erringen! Nur die Mannschaft vom Gymnasium Schwechat bezwang unser Team. Wir freuen uns \u00fcber dieses hervorragende Ergebnis!<\/span><\/div>\n<div class=\"entry-content\">\n<p><a href=\"https:\/\/ms-frauenfeld.ac.at\/wordpress\/wp-content\/uploads\/2018\/01\/Volleyball2_Gym.jpg\"><img decoding=\"async\" loading=\"lazy\" class=\"alignleft wp-image-90937 size-large\" src=\"https:\/\/ms-frauenfeld.ac.at\/wordpress\/wp-content\/uploads\/2018\/01\/Volleyball2_Gym-644x143.jpg\" alt=\"\" width=\"644\" height=\"143\" srcset=\"https:\/\/ms-frauenfeld.ac.at\/wordpress\/wp-content\/uploads\/2018\/01\/Volleyball2_Gym-644x143.jpg 644w, https:\/\/ms-frauenfeld.ac.at\/wordpress\/wp-content\/uploads\/2018\/01\/Volleyball2_Gym-300x67.jpg 300w, https:\/\/ms-frauenfeld.ac.at\/wordpress\/wp-content\/uploads\/2018\/01\/Volleyball2_Gym-768x171.jpg 768w, https:\/\/ms-frauenfeld.ac.at\/wordpress\/wp-content\/uploads\/2018\/01\/Volleyball2_Gym-150x33.jpg 150w, https:\/\/ms-frauenfeld.ac.at\/wordpress\/wp-content\/uploads\/2018\/01\/Volleyball2_Gym.jpg 1024w\" sizes=\"(max-width: 644px) 100vw, 644px\" \/><\/a><\/p>\n<\/div>\n","protected":false},"excerpt":{"rendered":"<p>Gro\u00dfer Wettkampf der Volleyballgruppen! Zusammen mit dem Gymnasium Schwechat, der NMS Gramatneusiedl und der NMS Hainburg trafen sich die Sch\u00fclerinnen und Sch\u00fcler der NN\u00f6MS Schwechat-Frauenfeld zu einem Turnier im Gymnasium\u2026<\/p>\n<p class=\"continue-reading-button\"> <a class=\"continue-reading-link\" href=\"https:\/\/ms-frauenfeld.ac.at\/wordpress\/volleyballturnier-im-gymnasium\/\">Lesen Sie mehr&#8230;<i class=\"crycon-right-dir\"><\/i><\/a><\/p>\n","protected":false},"author":2,"featured_media":0,"parent":0,"menu_order":0,"comment_status":"closed","ping_status":"closed","template":"","meta":{"footnotes":""},"_links":{"self":[{"href":"https:\/\/ms-frauenfeld.ac.at\/wordpress\/wp-json\/wp\/v2\/pages\/94718"}],"collection":[{"href":"https:\/\/ms-frauenfeld.ac.at\/wordpress\/wp-json\/wp\/v2\/pages"}],"about":[{"href":"https:\/\/ms-frauenfeld.ac.at\/wordpress\/wp-json\/wp\/v2\/types\/page"}],"author":[{"embeddable":true,"href":"https:\/\/ms-frauenfeld.ac.at\/wordpress\/wp-json\/wp\/v2\/users\/2"}],"replies":[{"embeddable":true,"href":"https:\/\/ms-frauenfeld.ac.at\/wordpress\/wp-json\/wp\/v2\/comments?post=94718"}],"version-history":[{"count":0,"href":"https:\/\/ms-frauenfeld.ac.at\/wordpress\/wp-json\/wp\/v2\/pages\/94718\/revisions"}],"wp:attachment":[{"href":"https:\/\/ms-frauenfeld.ac.at\/wordpress\/wp-json\/wp\/v2\/media?parent=94718"}],"curies":[{"name":"wp","href":"https:\/\/api.w.org\/{rel}","templated":true}]}}