{"id":94733,"date":"2020-08-18T19:17:45","date_gmt":"2020-08-18T17:17:45","guid":{"rendered":"http:\/\/ms-frauenfeld.ac.at\/wordpress\/?page_id=94733"},"modified":"2021-04-01T19:16:04","modified_gmt":"2021-04-01T17:16:04","slug":"cheerdance-und-american-football-an-der-nnoems-frauenfeld","status":"publish","type":"page","link":"https:\/\/ms-frauenfeld.ac.at\/wordpress\/cheerdance-und-american-football-an-der-nnoems-frauenfeld\/","title":{"rendered":"Cheerdance und American Football an der NN\u00f6MS Frauenfeld"},"content":{"rendered":"<div class=\"entry-meta\"><span style=\"font-family: 'Droid Sans';\">Cheerdance an der NN\u00f6MS Schwechat Frauenfeld! Die Sch\u00fclerinnen und Sch\u00fcler der 3b versuchten sich in dieser Sportart! Durchgef\u00fchrt wurde dieser \u201eSchnupperkurs\u201c von den \u201eCarnuntum Legionaries\u201c aus Fischamend. \u00a0Die Aufgabe der Cheerleader ist es, ein Team anzufeuern und gute Laune zu verbreiten\u2026 Weitere Informationen:\u00a0<\/span><a href=\"http:\/\/legionaries.at\/cheerleader\/\" target=\"_blank\" rel=\"noopener noreferrer\">hier klicken\u2026<\/a><\/div>\n<div class=\"entry-content\">\n<p><a href=\"https:\/\/ms-frauenfeld.ac.at\/wordpress\/wp-content\/uploads\/2021\/04\/cheerdance.jpg\"><img decoding=\"async\" loading=\"lazy\" class=\"alignleft wp-image-95503 size-medium\" src=\"https:\/\/ms-frauenfeld.ac.at\/wordpress\/wp-content\/uploads\/2021\/04\/cheerdance-225x300.jpg\" alt=\"\" width=\"225\" height=\"300\" srcset=\"https:\/\/ms-frauenfeld.ac.at\/wordpress\/wp-content\/uploads\/2021\/04\/cheerdance-225x300.jpg 225w, https:\/\/ms-frauenfeld.ac.at\/wordpress\/wp-content\/uploads\/2021\/04\/cheerdance-644x859.jpg 644w, https:\/\/ms-frauenfeld.ac.at\/wordpress\/wp-content\/uploads\/2021\/04\/cheerdance-113x150.jpg 113w, https:\/\/ms-frauenfeld.ac.at\/wordpress\/wp-content\/uploads\/2021\/04\/cheerdance.jpg 768w\" sizes=\"(max-width: 225px) 100vw, 225px\" \/><\/a><\/p>\n<p>&nbsp;<\/p>\n<p>Auch die Sch\u00fclerinnen der 3b durften in einem \u201eSchnupperkurs\u201c in \u201eAmerican Football\u201c diese Sportart kennenlernen. Weitere Informationen:\u00a0<a href=\"http:\/\/legionaries.at\/\" target=\"_blank\" rel=\"noopener noreferrer\">hier klicken\u2026<\/a><\/p>\n<p>&nbsp;<\/p>\n<p>Ein interessanter und lustiger Vormittag-\u00a0<a href=\"https:\/\/drive.google.com\/drive\/folders\/1uqvbFRvU0h6e-BAmHfrg9clCcBcWkD7C\" target=\"_blank\" rel=\"noopener noreferrer\">wie die weiteren Fotos beweisen\u2026<\/a><\/p>\n<\/div>\n","protected":false},"excerpt":{"rendered":"<p>Cheerdance an der NN\u00f6MS Schwechat Frauenfeld! Die Sch\u00fclerinnen und Sch\u00fcler der 3b versuchten sich in dieser Sportart! Durchgef\u00fchrt wurde dieser \u201eSchnupperkurs\u201c von den \u201eCarnuntum Legionaries\u201c aus Fischamend. \u00a0Die Aufgabe der\u2026<\/p>\n<p class=\"continue-reading-button\"> <a class=\"continue-reading-link\" href=\"https:\/\/ms-frauenfeld.ac.at\/wordpress\/cheerdance-und-american-football-an-der-nnoems-frauenfeld\/\">Lesen Sie mehr&#8230;<i class=\"crycon-right-dir\"><\/i><\/a><\/p>\n","protected":false},"author":2,"featured_media":0,"parent":0,"menu_order":0,"comment_status":"closed","ping_status":"closed","template":"","meta":{"footnotes":""},"_links":{"self":[{"href":"https:\/\/ms-frauenfeld.ac.at\/wordpress\/wp-json\/wp\/v2\/pages\/94733"}],"collection":[{"href":"https:\/\/ms-frauenfeld.ac.at\/wordpress\/wp-json\/wp\/v2\/pages"}],"about":[{"href":"https:\/\/ms-frauenfeld.ac.at\/wordpress\/wp-json\/wp\/v2\/types\/page"}],"author":[{"embeddable":true,"href":"https:\/\/ms-frauenfeld.ac.at\/wordpress\/wp-json\/wp\/v2\/users\/2"}],"replies":[{"embeddable":true,"href":"https:\/\/ms-frauenfeld.ac.at\/wordpress\/wp-json\/wp\/v2\/comments?post=94733"}],"version-history":[{"count":0,"href":"https:\/\/ms-frauenfeld.ac.at\/wordpress\/wp-json\/wp\/v2\/pages\/94733\/revisions"}],"wp:attachment":[{"href":"https:\/\/ms-frauenfeld.ac.at\/wordpress\/wp-json\/wp\/v2\/media?parent=94733"}],"curies":[{"name":"wp","href":"https:\/\/api.w.org\/{rel}","templated":true}]}}