{"id":97559,"date":"2023-11-23T13:22:24","date_gmt":"2023-11-23T12:22:24","guid":{"rendered":"https:\/\/ms-frauenfeld.ac.at\/wordpress\/?page_id=97559"},"modified":"2023-11-24T07:51:42","modified_gmt":"2023-11-24T06:51:42","slug":"schueler-und-bildungsberatung","status":"publish","type":"page","link":"https:\/\/ms-frauenfeld.ac.at\/wordpress\/angebote\/soziales\/schueler-und-bildungsberatung\/","title":{"rendered":"Sch\u00fcler- und Bildungsberatung"},"content":{"rendered":"<p>Liebe Eltern, liebe Erziehungsberechtigte<\/p>\n<table style=\"border-collapse: collapse; width: 100%;\">\n<tbody>\n<tr>\n<td style=\"width: 33%;\"><img decoding=\"async\" loading=\"lazy\" class=\" wp-image-97562\" src=\"https:\/\/ms-frauenfeld.ac.at\/wordpress\/wp-content\/uploads\/2023\/11\/iStock-1273041040_Beratung-300x200.jpg\" alt=\"\" width=\"338\" height=\"225\" srcset=\"https:\/\/ms-frauenfeld.ac.at\/wordpress\/wp-content\/uploads\/2023\/11\/iStock-1273041040_Beratung-300x200.jpg 300w, https:\/\/ms-frauenfeld.ac.at\/wordpress\/wp-content\/uploads\/2023\/11\/iStock-1273041040_Beratung-644x430.jpg 644w, https:\/\/ms-frauenfeld.ac.at\/wordpress\/wp-content\/uploads\/2023\/11\/iStock-1273041040_Beratung-150x100.jpg 150w, https:\/\/ms-frauenfeld.ac.at\/wordpress\/wp-content\/uploads\/2023\/11\/iStock-1273041040_Beratung-768x512.jpg 768w, https:\/\/ms-frauenfeld.ac.at\/wordpress\/wp-content\/uploads\/2023\/11\/iStock-1273041040_Beratung.jpg 1024w\" sizes=\"(max-width: 338px) 100vw, 338px\" \/><\/td>\n<td style=\"width: 67%;\">Wir m\u00f6chten Sie \u00fcber unser Beratungsangebot an der Schule informieren: die Sch\u00fcler- und Bildungsberatung, kurz SBB. Dieses Angebot hilft Ihrem Kind bei der Planung seiner Schullaufbahn und bei pers\u00f6nlichen Anliegen.<\/p>\n<p><strong><em>Wann und wo?<\/em><\/strong><\/p>\n<p>Jeden Dienstag in der Zeit von 10:35 bis 11:25 Uhr steht Frau Trevisan als SBB-Beraterin f\u00fcr die Kinder zur Verf\u00fcgung.<\/td>\n<\/tr>\n<\/tbody>\n<\/table>\n<p><em>Was macht die SBB?<\/em><\/p>\n<ol>\n<li><strong>Information\u00a0<\/strong>als Orientierungshilfe und Entscheidungsvorbereitung: Sie informieren \u00fcber weiterf\u00fchrende Ausbildungsm\u00f6glichkeiten bzw. Ausbildungsalternativen. Sch\u00fclerinnen und Sch\u00fcler bzw. deren Eltern werden \u00fcber\u00a0<strong>Bildungsg\u00e4nge<\/strong>, deren\u00a0<strong>Eingangsvoraussetzungen\u00a0<\/strong>und\u00a0<strong>Abschlussqualifikationen\u00a0<\/strong>informiert. Die Information erfolgt durch Klassenvortr\u00e4ge, Vortr\u00e4ge bei Elternabenden, Weitergabe von Informationsmaterialien, die Einladung von externen Expertinnen und Experten sowie die Organisation von Exkursionen und Betriebsbesichtigungen.<\/li>\n<li><strong>Individuelle Beratung und Vermittlung von Hilfe<\/strong>: Sch\u00fcler- und Bildungsberater\/innen bieten Sch\u00fclerinnen und Sch\u00fclern bzw. deren Eltern individuelle Beratung an. Diese Beratung kann\u00a0<strong>Laufbahnfragen\u00a0<\/strong>und\/oder andere\u00a0<strong>pers\u00f6nliche Probleme\u00a0<\/strong>betreffen (z.B. Lern- oder Verhaltensschwierigkeiten) bzw. auch in der Vermittlung von Hilfe durch andere Beratungs- oder Betreuungseinrichtungen zum Ausdruck kommen. Sch\u00fcler- und Bildungsberater\/innen sollen in diesem Sinn eine erste\u00a0<strong>Anlaufstelle f\u00fcr Schwierigkeiten\u00a0<\/strong>in und mit der Schule darstellen.<\/li>\n<\/ol>\n<p><strong><em>F\u00fcr wen ist die Beratung?<\/em><\/strong><\/p>\n<p>Alle Sch\u00fclerinnen und Sch\u00fcler, sowie Eltern und Erziehungsberechtigte k\u00f6nnen sich an Frau Trevisan wenden, wenn sie Fragen oder Sorgen bez\u00fcglich ihrer Schule und Zukunft haben.<\/p>\n<p>Diese Beratung ist eine tolle M\u00f6glichkeit, um Ihrem Kind Unterst\u00fctzung auf seinem Bildungsweg zu bieten. Nutzen Sie und Ihr Kind dieses Angebot gerne!<\/p>\n<table style=\"border-collapse: collapse; width: 100%;\">\n<tbody>\n<tr>\n<td style=\"width: 80%;\">F\u00fcr weitere Informationen stehen wir Ihnen jederzeit zur Verf\u00fcgung.<\/p>\n<p><span style=\"text-decoration: underline;\"><strong>Kontaktdaten<\/strong><\/span><\/p>\n<ul style=\"list-style-type: circle;\">\n<li>Name: Giulia Trevisan, BEd<\/li>\n<li>Mail: giulia.trevisan@schule-noe.at<\/li>\n<\/ul>\n<\/td>\n<td style=\"width: 20%;\"><img decoding=\"async\" loading=\"lazy\" class=\"size-medium wp-image-97565\" src=\"https:\/\/ms-frauenfeld.ac.at\/wordpress\/wp-content\/uploads\/2023\/11\/iStock-1154753619_Email-300x200.jpg\" alt=\"\" width=\"300\" height=\"200\" srcset=\"https:\/\/ms-frauenfeld.ac.at\/wordpress\/wp-content\/uploads\/2023\/11\/iStock-1154753619_Email-300x200.jpg 300w, https:\/\/ms-frauenfeld.ac.at\/wordpress\/wp-content\/uploads\/2023\/11\/iStock-1154753619_Email-644x430.jpg 644w, https:\/\/ms-frauenfeld.ac.at\/wordpress\/wp-content\/uploads\/2023\/11\/iStock-1154753619_Email-150x100.jpg 150w, https:\/\/ms-frauenfeld.ac.at\/wordpress\/wp-content\/uploads\/2023\/11\/iStock-1154753619_Email-768x512.jpg 768w, https:\/\/ms-frauenfeld.ac.at\/wordpress\/wp-content\/uploads\/2023\/11\/iStock-1154753619_Email.jpg 1024w\" sizes=\"(max-width: 300px) 100vw, 300px\" \/><\/td>\n<\/tr>\n<\/tbody>\n<\/table>\n<p>&nbsp;<\/p>\n","protected":false},"excerpt":{"rendered":"<p>Liebe Eltern, liebe Erziehungsberechtigte Wir m\u00f6chten Sie \u00fcber unser Beratungsangebot an der Schule informieren: die Sch\u00fcler- und Bildungsberatung, kurz SBB. Dieses Angebot hilft Ihrem Kind bei der Planung seiner Schullaufbahn\u2026<\/p>\n<p class=\"continue-reading-button\"> <a class=\"continue-reading-link\" href=\"https:\/\/ms-frauenfeld.ac.at\/wordpress\/angebote\/soziales\/schueler-und-bildungsberatung\/\">Lesen Sie mehr&#8230;<i class=\"crycon-right-dir\"><\/i><\/a><\/p>\n","protected":false},"author":42,"featured_media":0,"parent":716,"menu_order":0,"comment_status":"closed","ping_status":"closed","template":"","meta":{"footnotes":""},"_links":{"self":[{"href":"https:\/\/ms-frauenfeld.ac.at\/wordpress\/wp-json\/wp\/v2\/pages\/97559"}],"collection":[{"href":"https:\/\/ms-frauenfeld.ac.at\/wordpress\/wp-json\/wp\/v2\/pages"}],"about":[{"href":"https:\/\/ms-frauenfeld.ac.at\/wordpress\/wp-json\/wp\/v2\/types\/page"}],"author":[{"embeddable":true,"href":"https:\/\/ms-frauenfeld.ac.at\/wordpress\/wp-json\/wp\/v2\/users\/42"}],"replies":[{"embeddable":true,"href":"https:\/\/ms-frauenfeld.ac.at\/wordpress\/wp-json\/wp\/v2\/comments?post=97559"}],"version-history":[{"count":12,"href":"https:\/\/ms-frauenfeld.ac.at\/wordpress\/wp-json\/wp\/v2\/pages\/97559\/revisions"}],"predecessor-version":[{"id":97563,"href":"https:\/\/ms-frauenfeld.ac.at\/wordpress\/wp-json\/wp\/v2\/pages\/97559\/revisions\/97563"}],"up":[{"embeddable":true,"href":"https:\/\/ms-frauenfeld.ac.at\/wordpress\/wp-json\/wp\/v2\/pages\/716"}],"wp:attachment":[{"href":"https:\/\/ms-frauenfeld.ac.at\/wordpress\/wp-json\/wp\/v2\/media?parent=97559"}],"curies":[{"name":"wp","href":"https:\/\/api.w.org\/{rel}","templated":true}]}}