{"id":97873,"date":"2025-07-01T12:50:09","date_gmt":"2025-07-01T10:50:09","guid":{"rendered":"https:\/\/ms-frauenfeld.ac.at\/wordpress\/?page_id=97873"},"modified":"2025-07-01T12:50:09","modified_gmt":"2025-07-01T10:50:09","slug":"unser-schulhund-luna","status":"publish","type":"page","link":"https:\/\/ms-frauenfeld.ac.at\/wordpress\/angebote\/soziales\/unser-schulhund-luna\/","title":{"rendered":"Unser Schulhund Luna"},"content":{"rendered":"<table style=\"border-collapse: collapse; width: 96.335%; height: 1046px;\">\n<tbody>\n<tr>\n<td style=\"width: 50%;\"><span style=\"font-size: 14pt;\">An unserer Mittelschule ist Luna, ein ausgebildeter Therapiebegleithund, ein fester Bestandteil des Schulalltags. Mehrmals pro Woche begleitet sie gemeinsam mit ihrer Bezugsperson und Lehrerin, Frau Trevisan, den Unterricht und sorgt dabei f\u00fcr eine besondere Lernatmosph\u00e4re.<\/span><\/td>\n<td style=\"width: 37.8853%; text-align: center;\"><img decoding=\"async\" loading=\"lazy\" class=\"wp-image-97875 aligncenter\" src=\"https:\/\/ms-frauenfeld.ac.at\/wordpress\/wp-content\/uploads\/2025\/07\/1-225x300.jpeg\" alt=\"\" width=\"230\" height=\"306\" srcset=\"https:\/\/ms-frauenfeld.ac.at\/wordpress\/wp-content\/uploads\/2025\/07\/1-225x300.jpeg 225w, https:\/\/ms-frauenfeld.ac.at\/wordpress\/wp-content\/uploads\/2025\/07\/1-644x859.jpeg 644w, https:\/\/ms-frauenfeld.ac.at\/wordpress\/wp-content\/uploads\/2025\/07\/1-113x150.jpeg 113w, https:\/\/ms-frauenfeld.ac.at\/wordpress\/wp-content\/uploads\/2025\/07\/1-250x333.jpeg 250w, https:\/\/ms-frauenfeld.ac.at\/wordpress\/wp-content\/uploads\/2025\/07\/1.jpeg 768w\" sizes=\"(max-width: 230px) 100vw, 230px\" \/><\/td>\n<\/tr>\n<tr>\n<td style=\"width: 50%;\"><span style=\"font-size: 14pt;\">Luna f\u00f6rdert auf liebevolle und nat\u00fcrliche Weise die Sozialkompetenz unserer Sch\u00fclerinnen und Sch\u00fcler. Der respektvolle Umgang mit dem Hund st\u00e4rkt Empathie, R\u00fccksichtnahme und Verantwortungsbewusstsein. Besonders Kinder, die sich im Schulalltag schwertun, profitieren von ihrer ruhigen und geduldigten Art.<\/span><\/td>\n<td style=\"width: 37.8853%;\"><img decoding=\"async\" loading=\"lazy\" class=\"wp-image-97876 aligncenter\" src=\"https:\/\/ms-frauenfeld.ac.at\/wordpress\/wp-content\/uploads\/2025\/07\/2-225x300.jpeg\" alt=\"\" width=\"230\" height=\"307\" srcset=\"https:\/\/ms-frauenfeld.ac.at\/wordpress\/wp-content\/uploads\/2025\/07\/2-225x300.jpeg 225w, https:\/\/ms-frauenfeld.ac.at\/wordpress\/wp-content\/uploads\/2025\/07\/2-644x859.jpeg 644w, https:\/\/ms-frauenfeld.ac.at\/wordpress\/wp-content\/uploads\/2025\/07\/2-113x150.jpeg 113w, https:\/\/ms-frauenfeld.ac.at\/wordpress\/wp-content\/uploads\/2025\/07\/2-250x333.jpeg 250w, https:\/\/ms-frauenfeld.ac.at\/wordpress\/wp-content\/uploads\/2025\/07\/2.jpeg 768w\" sizes=\"(max-width: 230px) 100vw, 230px\" \/><\/td>\n<\/tr>\n<tr>\n<td style=\"width: 50%;\"><span style=\"font-size: 14pt;\">Auch im Fachunterricht wirkt Luna als Lernmotivatorin: Beim Vorlesen, beim Rechnen oder einfach durch ihre beruhigende Pr\u00e4senz im Klassenzimmer &#8211; Luna schafft eine positive und entspannte Lernumgebung, die Konzentration und Motivation steigert.<\/span><\/p>\n<p><span style=\"font-size: 14pt;\">Luna ist ein fester Bestandteil unserer Schulgemeinschaft und bereichert den Schulalltag durch einen tiergest\u00fctzten p\u00e4dagogischen Ansatz.<\/span><\/td>\n<td style=\"width: 37.8853%;\"><img decoding=\"async\" loading=\"lazy\" class=\"wp-image-97877 aligncenter\" src=\"https:\/\/ms-frauenfeld.ac.at\/wordpress\/wp-content\/uploads\/2025\/07\/3-300x225.jpeg\" alt=\"\" width=\"329\" height=\"247\" srcset=\"https:\/\/ms-frauenfeld.ac.at\/wordpress\/wp-content\/uploads\/2025\/07\/3-300x225.jpeg 300w, https:\/\/ms-frauenfeld.ac.at\/wordpress\/wp-content\/uploads\/2025\/07\/3-644x483.jpeg 644w, https:\/\/ms-frauenfeld.ac.at\/wordpress\/wp-content\/uploads\/2025\/07\/3-150x113.jpeg 150w, https:\/\/ms-frauenfeld.ac.at\/wordpress\/wp-content\/uploads\/2025\/07\/3-768x576.jpeg 768w, https:\/\/ms-frauenfeld.ac.at\/wordpress\/wp-content\/uploads\/2025\/07\/3-250x188.jpeg 250w, https:\/\/ms-frauenfeld.ac.at\/wordpress\/wp-content\/uploads\/2025\/07\/3.jpeg 1024w\" sizes=\"(max-width: 329px) 100vw, 329px\" \/><\/td>\n<\/tr>\n<\/tbody>\n<\/table>\n<p>&nbsp;<\/p>\n","protected":false},"excerpt":{"rendered":"<p>An unserer Mittelschule ist Luna, ein ausgebildeter Therapiebegleithund, ein fester Bestandteil des Schulalltags. Mehrmals pro Woche begleitet sie gemeinsam mit ihrer Bezugsperson und Lehrerin, Frau Trevisan, den Unterricht und sorgt\u2026<\/p>\n<p class=\"continue-reading-button\"> <a class=\"continue-reading-link\" href=\"https:\/\/ms-frauenfeld.ac.at\/wordpress\/angebote\/soziales\/unser-schulhund-luna\/\">Lesen Sie mehr&#8230;<i class=\"crycon-right-dir\"><\/i><\/a><\/p>\n","protected":false},"author":44,"featured_media":0,"parent":716,"menu_order":0,"comment_status":"closed","ping_status":"closed","template":"","meta":{"footnotes":""},"_links":{"self":[{"href":"https:\/\/ms-frauenfeld.ac.at\/wordpress\/wp-json\/wp\/v2\/pages\/97873"}],"collection":[{"href":"https:\/\/ms-frauenfeld.ac.at\/wordpress\/wp-json\/wp\/v2\/pages"}],"about":[{"href":"https:\/\/ms-frauenfeld.ac.at\/wordpress\/wp-json\/wp\/v2\/types\/page"}],"author":[{"embeddable":true,"href":"https:\/\/ms-frauenfeld.ac.at\/wordpress\/wp-json\/wp\/v2\/users\/44"}],"replies":[{"embeddable":true,"href":"https:\/\/ms-frauenfeld.ac.at\/wordpress\/wp-json\/wp\/v2\/comments?post=97873"}],"version-history":[{"count":7,"href":"https:\/\/ms-frauenfeld.ac.at\/wordpress\/wp-json\/wp\/v2\/pages\/97873\/revisions"}],"predecessor-version":[{"id":97883,"href":"https:\/\/ms-frauenfeld.ac.at\/wordpress\/wp-json\/wp\/v2\/pages\/97873\/revisions\/97883"}],"up":[{"embeddable":true,"href":"https:\/\/ms-frauenfeld.ac.at\/wordpress\/wp-json\/wp\/v2\/pages\/716"}],"wp:attachment":[{"href":"https:\/\/ms-frauenfeld.ac.at\/wordpress\/wp-json\/wp\/v2\/media?parent=97873"}],"curies":[{"name":"wp","href":"https:\/\/api.w.org\/{rel}","templated":true}]}}